{"id":21855,"date":"2013-12-19T21:02:22","date_gmt":"2013-12-19T19:02:22","guid":{"rendered":"https:\/\/staging.ikaria.ch\/?page_id=21855"},"modified":"2024-04-12T22:52:33","modified_gmt":"2024-04-12T20:52:33","slug":"grill-fry-fry-and-preserve-wild-mushrooms","status":"publish","type":"page","link":"https:\/\/ursula.ikaria.ch\/en\/grill-fry-fry-and-preserve-wild-mushrooms\/","title":{"rendered":"Grill, fry, fry and preserve wild mushrooms"},"content":{"rendered":"<div class=\"fusion-fullwidth fullwidth-box fusion-builder-row-1 hundred-percent-fullwidth non-hundred-percent-height-scrolling\" style=\"--awb-border-radius-top-left:0px;--awb-border-radius-top-right:0px;--awb-border-radius-bottom-right:0px;--awb-border-radius-bottom-left:0px;--awb-overflow:visible;--awb-flex-wrap:wrap;\" ><div class=\"fusion-builder-row fusion-row\"><div class=\"fusion-layout-column fusion_builder_column fusion-builder-column-0 fusion_builder_column_1_1 1_1 fusion-one-full fusion-column-first fusion-column-last fusion-column-no-min-height\" style=\"--awb-bg-size:cover;--awb-margin-bottom:0px;\"><div class=\"fusion-column-wrapper fusion-flex-column-wrapper-legacy\"><div class=\"fusion-image-element fusion-image-align-left in-legacy-container\" style=\"text-align:left;--awb-caption-title-font-family:var(--h2_typography-font-family);--awb-caption-title-font-weight:var(--h2_typography-font-weight);--awb-caption-title-font-style:var(--h2_typography-font-style);--awb-caption-title-size:var(--h2_typography-font-size);--awb-caption-title-transform:var(--h2_typography-text-transform);--awb-caption-title-line-height:var(--h2_typography-line-height);--awb-caption-title-letter-spacing:var(--h2_typography-letter-spacing);\"><span class=\" fusion-imageframe imageframe-none imageframe-1 hover-type-zoomin content-image\" style=\"margin-right:25px;float:left;\"><a href=\"https:\/\/ursula.ikaria.ch\/wp-content\/uploads\/2013\/12\/2012-12-05-10.06.05.jpg\" class=\"fusion-lightbox\" data-rel=\"iLightbox[21edb53803193618841]\" data-title=\"2012-12-05 10.06.05\" title=\"2012-12-05 10.06.05\"><img decoding=\"async\" width=\"300\" height=\"225\" src=\"https:\/\/ursula.ikaria.ch\/wp-content\/uploads\/2013\/12\/2012-12-05-10.06.05-300x225.jpg\" alt class=\"img-responsive wp-image-4452\" srcset=\"https:\/\/ursula.ikaria.ch\/wp-content\/uploads\/2013\/12\/2012-12-05-10.06.05-200x150.jpg 200w, https:\/\/ursula.ikaria.ch\/wp-content\/uploads\/2013\/12\/2012-12-05-10.06.05-400x300.jpg 400w, https:\/\/ursula.ikaria.ch\/wp-content\/uploads\/2013\/12\/2012-12-05-10.06.05-600x450.jpg 600w, https:\/\/ursula.ikaria.ch\/wp-content\/uploads\/2013\/12\/2012-12-05-10.06.05.jpg 640w\" sizes=\"(max-width: 800px) 100vw, 300px\" \/><\/a><\/span><\/div><div class=\"fusion-text fusion-text-1\"><h2>Wilde Pilze nach traditioneller Ikariotischer Art<\/h2>\n<p>Alle unten beschriebenen Zubereitungsarten stellen einen leckeren \u039c\u03b5\u03b6\u03ad (Meze, Vorspeisenteller) dar. Meze wird am Liebsten zu Wein, Ouzo oder Tsipouro gereicht. Frisches Weissbrot dazu reichen. Es wird wohl an Weinachten und Neujahr keinen Festtagstisch ohne diese Delikatesse geben! Erfahrungsgem\u00e4ss bleibt kein einziger Pilz auf dem Teller. Sollten jedoch wider Erwarten doch einmal einige \u00fcbrig bleiben, siehe weiter unten meine Konservierungstipps.<\/p>\n<\/div><div class=\"fusion-sep-clear\"><\/div><div class=\"fusion-separator fusion-full-width-sep\" style=\"margin-left: auto;margin-right: auto;margin-top:0px;width:100%;\"><\/div><div class=\"fusion-sep-clear\"><\/div><div class=\"fusion-image-element fusion-image-align-left in-legacy-container\" style=\"text-align:left;--awb-caption-title-font-family:var(--h2_typography-font-family);--awb-caption-title-font-weight:var(--h2_typography-font-weight);--awb-caption-title-font-style:var(--h2_typography-font-style);--awb-caption-title-size:var(--h2_typography-font-size);--awb-caption-title-transform:var(--h2_typography-text-transform);--awb-caption-title-line-height:var(--h2_typography-line-height);--awb-caption-title-letter-spacing:var(--h2_typography-letter-spacing);\"><span class=\" fusion-imageframe imageframe-none imageframe-2 hover-type-zoomin content-image\" style=\"margin-right:25px;float:left;\"><a href=\"https:\/\/ursula.ikaria.ch\/wp-content\/uploads\/2013\/12\/2012-12-04-15.08.12-300x225.jpg\" class=\"fusion-lightbox\" data-rel=\"iLightbox[1eae28cf3519274c8f1]\" data-title=\"2012-12-04 15.08.12\" title=\"2012-12-04 15.08.12\"><img decoding=\"async\" width=\"300\" height=\"225\" src=\"https:\/\/ursula.ikaria.ch\/wp-content\/uploads\/2013\/12\/2012-12-04-15.08.12-300x225.jpg\" alt class=\"img-responsive wp-image-4487\" srcset=\"https:\/\/ursula.ikaria.ch\/wp-content\/uploads\/2013\/12\/2012-12-04-15.08.12-200x150.jpg 200w, https:\/\/ursula.ikaria.ch\/wp-content\/uploads\/2013\/12\/2012-12-04-15.08.12-400x300.jpg 400w, https:\/\/ursula.ikaria.ch\/wp-content\/uploads\/2013\/12\/2012-12-04-15.08.12-600x450.jpg 600w, https:\/\/ursula.ikaria.ch\/wp-content\/uploads\/2013\/12\/2012-12-04-15.08.12.jpg 640w\" sizes=\"(max-width: 800px) 100vw, 300px\" \/><\/a><\/span><\/div><div class=\"fusion-text fusion-text-2\"><p>Alle diese Rezepte kannst du nat\u00fcrlich mit jeder Art von frischen Pilzen machen, auch selbst gekauften, aber jetzt mal Hand aufs Herz, die selbst gesammelten schmecken nat\u00fcrlich am allerbesten! Lies dazu <a title=\"Wilde Pilze in Ikaria\" href=\"https:\/\/ursula.ikaria.ch\/wilde-pilze-in-ikaria\/\">&#8220;Pilzjagd in Ikaria&#8221;<\/a><\/p>\n<\/div><div class=\"fusion-sep-clear\"><\/div><div class=\"fusion-separator fusion-full-width-sep\" style=\"margin-left: auto;margin-right: auto;margin-top:0px;width:100%;\"><\/div><div class=\"fusion-sep-clear\"><\/div><div class=\"fusion-image-element fusion-image-align-left in-legacy-container\" style=\"text-align:left;--awb-caption-title-font-family:var(--h2_typography-font-family);--awb-caption-title-font-weight:var(--h2_typography-font-weight);--awb-caption-title-font-style:var(--h2_typography-font-style);--awb-caption-title-size:var(--h2_typography-font-size);--awb-caption-title-transform:var(--h2_typography-text-transform);--awb-caption-title-line-height:var(--h2_typography-line-height);--awb-caption-title-letter-spacing:var(--h2_typography-letter-spacing);\"><span class=\" fusion-imageframe imageframe-none imageframe-3 hover-type-zoomin content-image\" style=\"margin-right:25px;float:left;\"><a href=\"https:\/\/ursula.ikaria.ch\/wp-content\/uploads\/2013\/12\/2012-12-02-15.59.04.jpg\" class=\"fusion-lightbox\" data-rel=\"iLightbox[2005a41c78d53670aab]\" data-title=\"2012-12-02 15.59.04\" title=\"2012-12-02 15.59.04\"><img decoding=\"async\" width=\"300\" height=\"225\" src=\"https:\/\/ursula.ikaria.ch\/wp-content\/uploads\/2013\/12\/2012-12-02-15.59.04-300x225.jpg\" alt class=\"img-responsive wp-image-4437\" srcset=\"https:\/\/ursula.ikaria.ch\/wp-content\/uploads\/2013\/12\/2012-12-02-15.59.04-200x150.jpg 200w, https:\/\/ursula.ikaria.ch\/wp-content\/uploads\/2013\/12\/2012-12-02-15.59.04-400x300.jpg 400w, https:\/\/ursula.ikaria.ch\/wp-content\/uploads\/2013\/12\/2012-12-02-15.59.04-600x450.jpg 600w, https:\/\/ursula.ikaria.ch\/wp-content\/uploads\/2013\/12\/2012-12-02-15.59.04.jpg 640w\" sizes=\"(max-width: 800px) 100vw, 300px\" \/><\/a><\/span><\/div><div class=\"fusion-text fusion-text-3\"><h2>Meine Lieblingsrezepte<\/h2>\n<p>Zuallererst werden die Pilze verlesen und m\u00f6glichst ohne Wasser geputzt, schlechte, fleckige, wurmige und verf\u00e4rbte penibel aussortieren, nur die knackigen ganz frischen Exemplare verwenden.<\/p>\n<\/div><div class=\"fusion-sep-clear\"><\/div><div class=\"fusion-separator fusion-full-width-sep\" style=\"margin-left: auto;margin-right: auto;margin-top:0px;width:100%;\"><\/div><div class=\"fusion-sep-clear\"><\/div><div class=\"fusion-image-element fusion-image-align-left in-legacy-container\" style=\"text-align:left;--awb-caption-title-font-family:var(--h2_typography-font-family);--awb-caption-title-font-weight:var(--h2_typography-font-weight);--awb-caption-title-font-style:var(--h2_typography-font-style);--awb-caption-title-size:var(--h2_typography-font-size);--awb-caption-title-transform:var(--h2_typography-text-transform);--awb-caption-title-line-height:var(--h2_typography-line-height);--awb-caption-title-letter-spacing:var(--h2_typography-letter-spacing);\"><span class=\" fusion-imageframe imageframe-none imageframe-4 hover-type-zoomin content-image\" style=\"margin-right:25px;float:left;\"><a href=\"https:\/\/ursula.ikaria.ch\/wp-content\/uploads\/2013\/12\/2012-12-01-15.38.13.jpg\" class=\"fusion-lightbox\" data-rel=\"iLightbox[8744cce9e194e0e8c17]\" data-title=\"2012-12-01 15.38.13\" title=\"2012-12-01 15.38.13\"><img decoding=\"async\" width=\"300\" height=\"225\" src=\"https:\/\/ursula.ikaria.ch\/wp-content\/uploads\/2013\/12\/2012-12-01-15.38.13-300x225.jpg\" alt class=\"img-responsive wp-image-4434\" srcset=\"https:\/\/ursula.ikaria.ch\/wp-content\/uploads\/2013\/12\/2012-12-01-15.38.13-200x150.jpg 200w, https:\/\/ursula.ikaria.ch\/wp-content\/uploads\/2013\/12\/2012-12-01-15.38.13-400x300.jpg 400w, https:\/\/ursula.ikaria.ch\/wp-content\/uploads\/2013\/12\/2012-12-01-15.38.13-600x450.jpg 600w, https:\/\/ursula.ikaria.ch\/wp-content\/uploads\/2013\/12\/2012-12-01-15.38.13.jpg 640w\" sizes=\"(max-width: 800px) 100vw, 300px\" \/><\/a><\/span><\/div><div class=\"fusion-text fusion-text-4\"><h2>Pilze grillieren<\/h2>\n<p>Bevorzugt werden die ganzen Pilze auf Holzkohle direkt am Kaminfeuer ger\u00f6stet. Der Grill geht aber auch. Ich schneide die Stiele weg, so dass nur die H\u00fctchen bleiben. Stiele kannst du f\u00fcr ein lecker S\u00fcppchen aufbewahren. Pilze salzen und m\u00f6glichst flach auf dem Grill auslegen und oft wenden, da sie leicht verkohlen. Wenn sie sch\u00f6n ledrig sind vom Feuer nehmen. Mit <a title=\"Das Fl\u00fcssige Gold des S\u00fcdens\" href=\"https:\/\/ursula.ikaria.ch\/olivenol\/\">gutem Oliven\u00f6l<\/a> und Zitrone betr\u00e4ufelt ein Leckerbissen! Frisches Weissbrot dazu reichen. Diesen Meze kann man gut auf Vorrat vorbereiten, denn kalt schmecken die Pilze genauso wie warm.<\/p>\n<\/div><div class=\"fusion-sep-clear\"><\/div><div class=\"fusion-separator fusion-full-width-sep\" style=\"margin-left: auto;margin-right: auto;margin-top:0px;width:100%;\"><\/div><div class=\"fusion-sep-clear\"><\/div><div class=\"fusion-image-element fusion-image-align-left in-legacy-container\" style=\"text-align:left;--awb-caption-title-font-family:var(--h2_typography-font-family);--awb-caption-title-font-weight:var(--h2_typography-font-weight);--awb-caption-title-font-style:var(--h2_typography-font-style);--awb-caption-title-size:var(--h2_typography-font-size);--awb-caption-title-transform:var(--h2_typography-text-transform);--awb-caption-title-line-height:var(--h2_typography-line-height);--awb-caption-title-letter-spacing:var(--h2_typography-letter-spacing);\"><span class=\" fusion-imageframe imageframe-none imageframe-5 hover-type-zoomin content-image\" style=\"margin-right:25px;float:left;\"><a href=\"https:\/\/ursula.ikaria.ch\/wp-content\/uploads\/2013\/12\/2012-12-16-19.34.44.jpg\" class=\"fusion-lightbox\" data-rel=\"iLightbox[680f881c2e423bdba26]\" data-title=\"2012-12-16 19.34.44\" title=\"2012-12-16 19.34.44\"><img decoding=\"async\" width=\"300\" height=\"225\" src=\"https:\/\/ursula.ikaria.ch\/wp-content\/uploads\/2013\/12\/2012-12-16-19.34.44-300x225.jpg\" alt class=\"img-responsive wp-image-4431\" srcset=\"https:\/\/ursula.ikaria.ch\/wp-content\/uploads\/2013\/12\/2012-12-16-19.34.44-200x150.jpg 200w, https:\/\/ursula.ikaria.ch\/wp-content\/uploads\/2013\/12\/2012-12-16-19.34.44-400x300.jpg 400w, https:\/\/ursula.ikaria.ch\/wp-content\/uploads\/2013\/12\/2012-12-16-19.34.44-600x450.jpg 600w, https:\/\/ursula.ikaria.ch\/wp-content\/uploads\/2013\/12\/2012-12-16-19.34.44.jpg 640w\" sizes=\"(max-width: 800px) 100vw, 300px\" \/><\/a><\/span><\/div><div class=\"fusion-text fusion-text-5\"><h2>Pilze im Ofen braten<\/h2>\n<p>Die Pilze in mundgerechte St\u00fccke zerschneiden, salzen, mit etwas Oliven\u00f6l betr\u00e4ufeln und dann in ein tiefes Ofenblech geben. Bei 200 Grad im eigenen Saft, der nach kurzer Zeit austritt schmoren lassen bis der Saft verdampft ist. Falls zuwenig Saft vorhanden ist, darfst du ruhig ein Glas Wasser dazugeben. Die Pilze sollten nicht vom Wasser bedeckt sein, aber auch nicht am Blech ankleben weil zuwenig Fl\u00fcssigkeit vorhanden ist. Braucht einwenig Beobachtung. Ab und zu alles gut duchmischen, so dass die Pilze auf allen Seiten gebraten werden. Nach einer guten halben Stunde wird die Fl\u00fcssigkeit verdampft sein, die Pilze gar und sie sollten eine sch\u00f6ne braune Farbe angenommen haben. Dann auf den Teller, nochmals einwenig frisches Oliven\u00f6l und Zitronensaft dazu und geniessen! Frisches Weissbrot dazu reichen. Kalt schmecken sie so zubereitet noch fast besser als heiss. Diesen Meze kannst du also auch gut als Vorrat vorbereiten.<\/p>\n<\/div><div class=\"fusion-sep-clear\"><\/div><div class=\"fusion-separator fusion-full-width-sep\" style=\"margin-left: auto;margin-right: auto;margin-top:0px;width:100%;\"><\/div><div class=\"fusion-sep-clear\"><\/div><div class=\"fusion-image-element fusion-image-align-left in-legacy-container\" style=\"text-align:left;--awb-caption-title-font-family:var(--h2_typography-font-family);--awb-caption-title-font-weight:var(--h2_typography-font-weight);--awb-caption-title-font-style:var(--h2_typography-font-style);--awb-caption-title-size:var(--h2_typography-font-size);--awb-caption-title-transform:var(--h2_typography-text-transform);--awb-caption-title-line-height:var(--h2_typography-line-height);--awb-caption-title-letter-spacing:var(--h2_typography-letter-spacing);\"><span class=\" fusion-imageframe imageframe-none imageframe-6 hover-type-zoomin content-image\" style=\"margin-right:25px;float:left;\"><a href=\"https:\/\/ursula.ikaria.ch\/wp-content\/uploads\/2013\/12\/2012-12-010.jpg\" class=\"fusion-lightbox\" data-rel=\"iLightbox[3a045b85ea56cab86a7]\" data-title=\"2012-12-010\" title=\"2012-12-010\"><img decoding=\"async\" width=\"300\" height=\"225\" src=\"https:\/\/ursula.ikaria.ch\/wp-content\/uploads\/2013\/12\/2012-12-010-300x225.jpg\" alt class=\"img-responsive wp-image-4488\" srcset=\"https:\/\/ursula.ikaria.ch\/wp-content\/uploads\/2013\/12\/2012-12-010-200x150.jpg 200w, https:\/\/ursula.ikaria.ch\/wp-content\/uploads\/2013\/12\/2012-12-010-400x300.jpg 400w, https:\/\/ursula.ikaria.ch\/wp-content\/uploads\/2013\/12\/2012-12-010-600x450.jpg 600w, https:\/\/ursula.ikaria.ch\/wp-content\/uploads\/2013\/12\/2012-12-010.jpg 640w\" sizes=\"(max-width: 800px) 100vw, 300px\" \/><\/a><\/span><\/div><div class=\"fusion-text fusion-text-6\"><h2>Pilze im Oliven\u00f6l frittieren<\/h2>\n<p>Hierf\u00fcr lasse ich wieder die Pilze ganz. Ich schneide auch hier wieder die Stiele weg, so dass nur die H\u00fctchen bleiben. Stiele kannst du f\u00fcr ein lecker S\u00fcppchen aufbewahren. Genug Oliven\u00f6l in eine Bratpfanne geben, so dass die Pilze darin schwimmend gebacken werden k\u00f6nnen. Die Pilze auf beiden Seiten salzen, w\u00e4hrend du das \u00d6l in der Pfanne ganz heiss (h\u00f6chste Stufe) werden l\u00e4sst. Wer mag, kann die gesalzenen Pilze noch vor dem Braten in Mehl wenden, ich mag aber die nackten Pilze genauso. Sie nun im heissen \u00d6l schwimmend auf beiden Seiten goldbraun backen und auf einem K\u00fcchenpapier gut abtropfen lassen. Mit Zitrone betr\u00e4ufeln und am Besten warm genissen. Frisches Weissbrot nicht vergessen.<\/p>\n<\/div><div class=\"fusion-sep-clear\"><\/div><div class=\"fusion-separator fusion-full-width-sep\" style=\"margin-left: auto;margin-right: auto;margin-top:0px;width:100%;\"><\/div><div class=\"fusion-sep-clear\"><\/div><div class=\"fusion-image-element fusion-image-align-left in-legacy-container\" style=\"text-align:left;--awb-caption-title-font-family:var(--h2_typography-font-family);--awb-caption-title-font-weight:var(--h2_typography-font-weight);--awb-caption-title-font-style:var(--h2_typography-font-style);--awb-caption-title-size:var(--h2_typography-font-size);--awb-caption-title-transform:var(--h2_typography-text-transform);--awb-caption-title-line-height:var(--h2_typography-line-height);--awb-caption-title-letter-spacing:var(--h2_typography-letter-spacing);\"><span class=\" fusion-imageframe imageframe-none imageframe-7 hover-type-zoomin content-image\" style=\"margin-right:25px;float:left;\"><a href=\"https:\/\/ursula.ikaria.ch\/wp-content\/uploads\/2013\/12\/2012-12-10-10.48.59.jpg\" class=\"fusion-lightbox\" data-rel=\"iLightbox[d90f0c3d6626d425740]\" data-title=\"2012-12-10 10.48.59\" title=\"2012-12-10 10.48.59\"><img decoding=\"async\" width=\"300\" height=\"225\" src=\"https:\/\/ursula.ikaria.ch\/wp-content\/uploads\/2013\/12\/2012-12-10-10.48.59-300x225.jpg\" alt class=\"img-responsive wp-image-4482\" srcset=\"https:\/\/ursula.ikaria.ch\/wp-content\/uploads\/2013\/12\/2012-12-10-10.48.59-200x150.jpg 200w, https:\/\/ursula.ikaria.ch\/wp-content\/uploads\/2013\/12\/2012-12-10-10.48.59-400x300.jpg 400w, https:\/\/ursula.ikaria.ch\/wp-content\/uploads\/2013\/12\/2012-12-10-10.48.59-600x450.jpg 600w, https:\/\/ursula.ikaria.ch\/wp-content\/uploads\/2013\/12\/2012-12-10-10.48.59.jpg 640w\" sizes=\"(max-width: 800px) 100vw, 300px\" \/><\/a><\/span><\/div><div class=\"fusion-text fusion-text-7\"><h2>Pilze in Oliven\u00f6l konservieren<\/h2>\n<p>Alle diese Zubereitungsarten stellen wie gesagt einen leckeren Meze dar. Erfahrungsgem\u00e4ss bleibt kein einziger Pilz auf dem Teller. Sollten jedoch wider Erwarten doch einmal einige Pilze \u00fcbrig bleiben, kannst du sie einfach in ein gut verschliessbares Marmeladenglas geben und mit Oliven\u00f6l bedecken. Das Glas etwas sch\u00fctteln, denn es sollten wirklich keine Luftblasen mehr zwischen den Pilzen sein, sondern alles ganz dicht mit Oliven\u00f6l abgedeckt sein, dann sind sie im K\u00fchlschrank oder Keller noch monatelang haltbar. Wer mag kann sogar noch ein paar Knoblauchzehen und Pfefferk\u00f6rner oder sonstige Gew\u00fcrze mit hinein geben\u2026<\/p>\n<\/div><div class=\"fusion-sep-clear\"><\/div><div class=\"fusion-separator fusion-full-width-sep\" style=\"margin-left: auto;margin-right: auto;margin-top:0px;width:100%;\"><\/div><div class=\"fusion-sep-clear\"><\/div><div class=\"fusion-image-element fusion-image-align-left in-legacy-container\" style=\"text-align:left;--awb-caption-title-font-family:var(--h2_typography-font-family);--awb-caption-title-font-weight:var(--h2_typography-font-weight);--awb-caption-title-font-style:var(--h2_typography-font-style);--awb-caption-title-size:var(--h2_typography-font-size);--awb-caption-title-transform:var(--h2_typography-text-transform);--awb-caption-title-line-height:var(--h2_typography-line-height);--awb-caption-title-letter-spacing:var(--h2_typography-letter-spacing);\"><span class=\" fusion-imageframe imageframe-none imageframe-8 hover-type-zoomin content-image\" style=\"margin-right:25px;float:left;\"><a href=\"https:\/\/ursula.ikaria.ch\/wp-content\/uploads\/2013\/12\/2012-12-05-10.50.47.jpg\" class=\"fusion-lightbox\" data-rel=\"iLightbox[e5c74eed5def98db45b]\" data-title=\"2012-12-05 10.50.47\" title=\"2012-12-05 10.50.47\"><img decoding=\"async\" width=\"300\" height=\"225\" src=\"https:\/\/ursula.ikaria.ch\/wp-content\/uploads\/2013\/12\/2012-12-05-10.50.47-300x225.jpg\" alt class=\"img-responsive wp-image-21856\" srcset=\"https:\/\/ursula.ikaria.ch\/wp-content\/uploads\/2013\/12\/2012-12-05-10.50.47-200x150.jpg 200w, https:\/\/ursula.ikaria.ch\/wp-content\/uploads\/2013\/12\/2012-12-05-10.50.47-400x300.jpg 400w, https:\/\/ursula.ikaria.ch\/wp-content\/uploads\/2013\/12\/2012-12-05-10.50.47-600x450.jpg 600w, https:\/\/ursula.ikaria.ch\/wp-content\/uploads\/2013\/12\/2012-12-05-10.50.47.jpg 640w\" sizes=\"(max-width: 800px) 100vw, 300px\" \/><\/a><\/span><\/div><div class=\"fusion-text fusion-text-8\"><h2>In Essig eingelegte Wildpilze<\/h2>\n<p>Die ganzen Pilze einige Minuten im gesalzenen Wasser (1 l Wasser, 5 gestrichene Suppenl\u00f6ffel Salz) kochen lassen. Herausnehmen, gut abtropfen lassen und das Wasser wegsch\u00fctten. Dann einen Essigsud herstellen (6 Teile Wasser, 1 Teil heller Weinessig, Gew\u00fcrze nach Geschmack, z.B. Senfk\u00f6rner, zerkleinerte Lorbeerbl\u00e4tter, Pfefferk\u00f6rner und Wacholderbeeren mitgaren, aber der Sud kommt bei Pilzen auch ohne alles aus, es erh\u00f6ht das Eigenaroma). Die Pilze dann etwa 15 Minuten darin k\u00f6cheln lassen. Hei\u00df in saubere nicht zu gro\u00dfe Marmeladengl\u00e4ser f\u00fcllen, der Sud muss die Pilze gut bedecken. Nun gibt es zwei M\u00f6glichkeiten: entweder heiss sofort verschliessen oder abk\u00fchlen lassen und zum Schluss etwa einen Fingerbreit Oliven\u00f6l \u00fcber den Pilzsud geben. Gl\u00e4ser am besten mit Schraubverschluss verschlie\u00dfen und eher dunkel und k\u00fchl im K\u00fchlschrank oder Keller lagern. Auch so kann man die Pilze noch Monate sp\u00e4ter geniessen.<\/p>\n<\/div><div class=\"fusion-sep-clear\"><\/div><div class=\"fusion-separator fusion-full-width-sep\" style=\"margin-left: auto;margin-right: auto;margin-top:0px;width:100%;\"><\/div><div class=\"fusion-sep-clear\"><\/div><div class=\"fusion-text fusion-text-9\"><p>\u039a\u03b1\u03bb\u03ae \u03cc\u03c1\u03b5\u03be\u03b7! &#8211; Kali oreksi! &#8211; Guten Appetit!<\/p>\n<p>Kennst du selber ein leckeres Pilzrezept? Unbedingt unten im Kommentarfeld mitteilen! Wir sind dir dankbar!!!<\/p>\n<p>Lies dazu auch: <a title=\"Wilde Pilze in Ikaria\" href=\"https:\/\/ursula.ikaria.ch\/wilde-pilze-in-ikaria\/\">Wilde Pilze sammeln in Ikaria<\/a><\/p>\n<\/div><div class=\"fusion-clearfix\"><\/div><\/div><\/div><\/div><\/div>\n","protected":false},"excerpt":{"rendered":"","protected":false},"author":12,"featured_media":21856,"parent":0,"menu_order":0,"comment_status":"closed","ping_status":"closed","template":"","meta":{"footnotes":""},"tags":[],"class_list":["post-21855","page","type-page","status-publish","has-post-thumbnail","hentry"],"_links":{"self":[{"href":"https:\/\/ursula.ikaria.ch\/en\/wp-json\/wp\/v2\/pages\/21855","targetHints":{"allow":["GET"]}}],"collection":[{"href":"https:\/\/ursula.ikaria.ch\/en\/wp-json\/wp\/v2\/pages"}],"about":[{"href":"https:\/\/ursula.ikaria.ch\/en\/wp-json\/wp\/v2\/types\/page"}],"author":[{"embeddable":true,"href":"https:\/\/ursula.ikaria.ch\/en\/wp-json\/wp\/v2\/users\/12"}],"replies":[{"embeddable":true,"href":"https:\/\/ursula.ikaria.ch\/en\/wp-json\/wp\/v2\/comments?post=21855"}],"version-history":[{"count":0,"href":"https:\/\/ursula.ikaria.ch\/en\/wp-json\/wp\/v2\/pages\/21855\/revisions"}],"wp:featuredmedia":[{"embeddable":true,"href":"https:\/\/ursula.ikaria.ch\/en\/wp-json\/wp\/v2\/media\/21856"}],"wp:attachment":[{"href":"https:\/\/ursula.ikaria.ch\/en\/wp-json\/wp\/v2\/media?parent=21855"}],"wp:term":[{"taxonomy":"post_tag","embeddable":true,"href":"https:\/\/ursula.ikaria.ch\/en\/wp-json\/wp\/v2\/tags?post=21855"}],"curies":[{"name":"wp","href":"https:\/\/api.w.org\/{rel}","templated":true}]}}