{"id":21852,"date":"2013-12-19T20:58:49","date_gmt":"2013-12-19T18:58:49","guid":{"rendered":"https:\/\/staging.ikaria.ch\/?page_id=21852"},"modified":"2024-04-12T22:51:46","modified_gmt":"2024-04-12T20:51:46","slug":"collecting-wild-mushrooms-in-ikaria","status":"publish","type":"page","link":"https:\/\/ursula.ikaria.ch\/en\/collecting-wild-mushrooms-in-ikaria\/","title":{"rendered":"Collecting wild mushrooms in Ikaria"},"content":{"rendered":"<div class=\"fusion-fullwidth fullwidth-box fusion-builder-row-1 hundred-percent-fullwidth non-hundred-percent-height-scrolling\" style=\"--awb-border-radius-top-left:0px;--awb-border-radius-top-right:0px;--awb-border-radius-bottom-right:0px;--awb-border-radius-bottom-left:0px;--awb-overflow:visible;--awb-flex-wrap:wrap;\" ><div class=\"fusion-builder-row fusion-row\"><div class=\"fusion-layout-column fusion_builder_column fusion-builder-column-0 fusion_builder_column_1_1 1_1 fusion-one-full fusion-column-first fusion-column-last fusion-column-no-min-height\" style=\"--awb-bg-size:cover;--awb-margin-bottom:0px;\"><div class=\"fusion-column-wrapper fusion-flex-column-wrapper-legacy\"><div class=\"fusion-image-element fusion-image-align-left in-legacy-container\" style=\"text-align:left;--awb-caption-title-font-family:var(--h2_typography-font-family);--awb-caption-title-font-weight:var(--h2_typography-font-weight);--awb-caption-title-font-style:var(--h2_typography-font-style);--awb-caption-title-size:var(--h2_typography-font-size);--awb-caption-title-transform:var(--h2_typography-text-transform);--awb-caption-title-line-height:var(--h2_typography-line-height);--awb-caption-title-letter-spacing:var(--h2_typography-letter-spacing);\"><span class=\" fusion-imageframe imageframe-none imageframe-1 hover-type-zoomin content-image\" style=\"margin-right:25px;float:left;\"><a href=\"https:\/\/ursula.ikaria.ch\/wp-content\/uploads\/2013\/12\/2012-12-02-15.37.49.jpg\" class=\"fusion-lightbox\" data-rel=\"iLightbox[28f99aba5dd0521d9c7]\" data-title=\"2012-12-02 15.37.49\" title=\"2012-12-02 15.37.49\"><img decoding=\"async\" width=\"300\" height=\"225\" src=\"https:\/\/ursula.ikaria.ch\/wp-content\/uploads\/2013\/12\/2012-12-02-15.37.49-300x225.jpg\" alt class=\"img-responsive wp-image-21853\" srcset=\"https:\/\/ursula.ikaria.ch\/wp-content\/uploads\/2013\/12\/2012-12-02-15.37.49-200x150.jpg 200w, https:\/\/ursula.ikaria.ch\/wp-content\/uploads\/2013\/12\/2012-12-02-15.37.49-400x300.jpg 400w, https:\/\/ursula.ikaria.ch\/wp-content\/uploads\/2013\/12\/2012-12-02-15.37.49-600x450.jpg 600w, https:\/\/ursula.ikaria.ch\/wp-content\/uploads\/2013\/12\/2012-12-02-15.37.49.jpg 640w\" sizes=\"(max-width: 800px) 100vw, 300px\" \/><\/a><\/span><\/div><div class=\"fusion-text fusion-text-1\"><p>Als erstes gingen wir am Wochenende auf Pilzjagd. Stundenlang durch den Wald streifen und die verborgenen Sch\u00e4tze unter dem dichten Nadelteppich zu ersp\u00e4hen\u2026 gar nicht so einfach, braucht ein ge\u00fcbtes Auge, aber darauf hatte ich mich echt gefreut!<\/p>\n<p>Mit den Fundorten ist es wie mit den Fischgr\u00fcnden, jeder ist sich selbst der N\u00e4chste und gibt seine geheimen Pl\u00e4tzchen niemals preis. Man braucht schon so etwas wie einen R\u00f6ntgenblick, oder sagen wir einfach, ganz viel Erfahrung, um den Waldboden mit den Augen abzuscannen und die verr\u00e4terischen kleinen Erhebungen unter den Kiefernnadeln ausfindig zu machen.<\/p>\n<\/div><div class=\"fusion-sep-clear\"><\/div><div class=\"fusion-separator fusion-full-width-sep\" style=\"margin-left: auto;margin-right: auto;width:100%;\"><\/div><div class=\"fusion-sep-clear\"><\/div><div class=\"fusion-image-element fusion-image-align-left in-legacy-container\" style=\"text-align:left;--awb-caption-title-font-family:var(--h2_typography-font-family);--awb-caption-title-font-weight:var(--h2_typography-font-weight);--awb-caption-title-font-style:var(--h2_typography-font-style);--awb-caption-title-size:var(--h2_typography-font-size);--awb-caption-title-transform:var(--h2_typography-text-transform);--awb-caption-title-line-height:var(--h2_typography-line-height);--awb-caption-title-letter-spacing:var(--h2_typography-letter-spacing);\"><span class=\" fusion-imageframe imageframe-none imageframe-2 hover-type-zoomin content-image\" style=\"margin-right:25px;float:left;\"><a href=\"https:\/\/ursula.ikaria.ch\/wp-content\/uploads\/2013\/12\/Pilze3.jpg\" class=\"fusion-lightbox\" data-rel=\"iLightbox[1a254c49ec832f49b97]\" data-title=\"Pilze3\" title=\"Pilze3\"><img decoding=\"async\" width=\"300\" height=\"225\" src=\"https:\/\/ursula.ikaria.ch\/wp-content\/uploads\/2013\/12\/Pilze3-300x225.jpg\" alt class=\"img-responsive wp-image-4447\" srcset=\"https:\/\/ursula.ikaria.ch\/wp-content\/uploads\/2013\/12\/Pilze3-200x150.jpg 200w, https:\/\/ursula.ikaria.ch\/wp-content\/uploads\/2013\/12\/Pilze3-400x300.jpg 400w, https:\/\/ursula.ikaria.ch\/wp-content\/uploads\/2013\/12\/Pilze3-600x450.jpg 600w, https:\/\/ursula.ikaria.ch\/wp-content\/uploads\/2013\/12\/Pilze3.jpg 640w\" sizes=\"(max-width: 800px) 100vw, 300px\" \/><\/a><\/span><\/div><div class=\"fusion-text fusion-text-2\"><p>November, Dezember geht die Jagd nach den frischen Wildpilzen los. Und das heisst f\u00fcr uns Pilzfans Korb und altes Messer einpacken und ab in die Berge. Zehn Tage nach dem ersten Regen, anfangs November, wenn der S\u00fcdwind noch einigerma\u00dfen warm ist und die Temperaturen so um die 10 Grad, erscheinen oben in der Hochebene Pezi die ersten wilden Pilze. Ein Ph\u00e4nomen aus Raches und Messaria, also Nordwest und n\u00f6rdliches Mittel-Ikaria, wo die gro\u00dfen Kiefern- und Laubw\u00e4lder vorkommen. Im eher kargen Osten rund um Agios Kyrikos und auf der steinigeren S\u00fcdseite findet man viel weniger Pilze, was zur Folge hat, dass viele von der S\u00fcdseite zu uns zur \u201ePilzjagd\u201c kommen. Es wird wohl an Weinachten und Neujahr keinen Festtagstisch ohne diese <a title=\"Wilde Pilze grillieren, braten, fritieren und konservieren\" href=\"https:\/\/ursula.ikaria.ch\/wilde-pilze-grillieren-braten-fritieren-und-konservieren\/\">Delikatesse <\/a>geben!<\/p>\n<\/div><div class=\"fusion-sep-clear\"><\/div><div class=\"fusion-separator fusion-full-width-sep\" style=\"margin-left: auto;margin-right: auto;width:100%;\"><\/div><div class=\"fusion-sep-clear\"><\/div><div class=\"fusion-image-element fusion-image-align-left in-legacy-container\" style=\"text-align:left;--awb-caption-title-font-family:var(--h2_typography-font-family);--awb-caption-title-font-weight:var(--h2_typography-font-weight);--awb-caption-title-font-style:var(--h2_typography-font-style);--awb-caption-title-size:var(--h2_typography-font-size);--awb-caption-title-transform:var(--h2_typography-text-transform);--awb-caption-title-line-height:var(--h2_typography-line-height);--awb-caption-title-letter-spacing:var(--h2_typography-letter-spacing);\"><span class=\" fusion-imageframe imageframe-none imageframe-3 hover-type-zoomin content-image\" style=\"margin-right:25px;float:left;\"><a href=\"https:\/\/ursula.ikaria.ch\/wp-content\/uploads\/2013\/12\/2012-12-01-15.32.03.jpg\" class=\"fusion-lightbox\" data-rel=\"iLightbox[85a64288e63bf5c6c7f]\" data-title=\"2012-12-01 15.32.03\" title=\"2012-12-01 15.32.03\"><img decoding=\"async\" width=\"300\" height=\"225\" src=\"https:\/\/ursula.ikaria.ch\/wp-content\/uploads\/2013\/12\/2012-12-01-15.32.03-300x225.jpg\" alt class=\"img-responsive wp-image-4432\" srcset=\"https:\/\/ursula.ikaria.ch\/wp-content\/uploads\/2013\/12\/2012-12-01-15.32.03-200x150.jpg 200w, https:\/\/ursula.ikaria.ch\/wp-content\/uploads\/2013\/12\/2012-12-01-15.32.03-400x300.jpg 400w, https:\/\/ursula.ikaria.ch\/wp-content\/uploads\/2013\/12\/2012-12-01-15.32.03-600x450.jpg 600w, https:\/\/ursula.ikaria.ch\/wp-content\/uploads\/2013\/12\/2012-12-01-15.32.03.jpg 640w\" sizes=\"(max-width: 800px) 100vw, 300px\" \/><\/a><\/span><\/div><div class=\"fusion-text fusion-text-3\"><p>Erste Boten der Pilzzeit sind also die sch\u00f6nen, grossen \u039a\u03b1\u03bb\u03b1\u03bc\u03ac\u03c1\u03b5\u03c2 (Kalamares oder Parasol). Sie wachsen zuerst oben in den Bergen und werden eine Woche sp\u00e4ter in den W\u00e4ldern von Karidies gefunden, noch sp\u00e4ter auf der H\u00f6he von <a title=\"Christos Raches \u2013 \u03a7\u03c1\u03b9\u03c3\u03c4\u03cc\u03c2 \u03a1\u03b1\u03c7\u03ce\u03bd\" href=\"https:\/\/ursula.ikaria.ch\/christos-raches\/\">Christos<\/a> und Tragostasi und der Chalaris-Schlucht und zu aller Letzt auf der H\u00f6he von Agios Dimitrios bis runter nach Kato Raches.<\/p>\n<\/div><div class=\"fusion-sep-clear\"><\/div><div class=\"fusion-separator fusion-full-width-sep\" style=\"margin-left: auto;margin-right: auto;width:100%;\"><\/div><div class=\"fusion-sep-clear\"><\/div><div class=\"fusion-image-element fusion-image-align-left in-legacy-container\" style=\"text-align:left;--awb-caption-title-font-family:var(--h2_typography-font-family);--awb-caption-title-font-weight:var(--h2_typography-font-weight);--awb-caption-title-font-style:var(--h2_typography-font-style);--awb-caption-title-size:var(--h2_typography-font-size);--awb-caption-title-transform:var(--h2_typography-text-transform);--awb-caption-title-line-height:var(--h2_typography-line-height);--awb-caption-title-letter-spacing:var(--h2_typography-letter-spacing);\"><span class=\" fusion-imageframe imageframe-none imageframe-4 hover-type-zoomin content-image\" style=\"margin-right:25px;float:left;\"><a href=\"https:\/\/ursula.ikaria.ch\/wp-content\/uploads\/2013\/12\/Pilze-1.jpg\" class=\"fusion-lightbox\" data-rel=\"iLightbox[c9eb05bd6235f0b7693]\" data-title=\"Pilze 1\" title=\"Pilze 1\"><img decoding=\"async\" width=\"300\" height=\"225\" src=\"https:\/\/ursula.ikaria.ch\/wp-content\/uploads\/2013\/12\/Pilze-1-300x225.jpg\" alt class=\"img-responsive wp-image-4445\" srcset=\"https:\/\/ursula.ikaria.ch\/wp-content\/uploads\/2013\/12\/Pilze-1-200x150.jpg 200w, https:\/\/ursula.ikaria.ch\/wp-content\/uploads\/2013\/12\/Pilze-1-400x300.jpg 400w, https:\/\/ursula.ikaria.ch\/wp-content\/uploads\/2013\/12\/Pilze-1-600x450.jpg 600w, https:\/\/ursula.ikaria.ch\/wp-content\/uploads\/2013\/12\/Pilze-1.jpg 640w\" sizes=\"(max-width: 800px) 100vw, 300px\" \/><\/a><\/span><\/div><div class=\"fusion-text fusion-text-4\"><p>Danach, wenn es gen\u00fcgend regnerisch feucht ist beginnen die anderen Speisepilze zuerst auch in den h\u00f6her gelegenen Bergen und nach und nach in tieferen Regionen zu wachsen. Wenn sie in Agios Dimitrios vorbei sind, dann ist das ein sicheres Zeichen f\u00fcr das Ende der Pilzzeit.<\/p>\n<\/div><div class=\"fusion-sep-clear\"><\/div><div class=\"fusion-separator fusion-full-width-sep\" style=\"margin-left: auto;margin-right: auto;width:100%;\"><\/div><div class=\"fusion-sep-clear\"><\/div><div class=\"fusion-image-element fusion-image-align-left in-legacy-container\" style=\"text-align:left;--awb-caption-title-font-family:var(--h2_typography-font-family);--awb-caption-title-font-weight:var(--h2_typography-font-weight);--awb-caption-title-font-style:var(--h2_typography-font-style);--awb-caption-title-size:var(--h2_typography-font-size);--awb-caption-title-transform:var(--h2_typography-text-transform);--awb-caption-title-line-height:var(--h2_typography-line-height);--awb-caption-title-letter-spacing:var(--h2_typography-letter-spacing);\"><span class=\" fusion-imageframe imageframe-none imageframe-5 hover-type-zoomin content-image\" style=\"margin-right:25px;float:left;\"><a href=\"https:\/\/ursula.ikaria.ch\/wp-content\/uploads\/2013\/12\/Pilze2.jpg\" class=\"fusion-lightbox\" data-rel=\"iLightbox[8572cff5a8bb1b5ab31]\" data-caption=\"Wilde Pilze in ikaria, Foto Ursula Kastanias\" data-title=\"Pilze2\" title=\"Pilze2\"><img decoding=\"async\" width=\"300\" height=\"225\" src=\"https:\/\/ursula.ikaria.ch\/wp-content\/uploads\/2013\/12\/Pilze2-300x225.jpg\" alt class=\"img-responsive wp-image-4446\" srcset=\"https:\/\/ursula.ikaria.ch\/wp-content\/uploads\/2013\/12\/Pilze2-200x150.jpg 200w, https:\/\/ursula.ikaria.ch\/wp-content\/uploads\/2013\/12\/Pilze2-400x300.jpg 400w, https:\/\/ursula.ikaria.ch\/wp-content\/uploads\/2013\/12\/Pilze2-600x450.jpg 600w, https:\/\/ursula.ikaria.ch\/wp-content\/uploads\/2013\/12\/Pilze2.jpg 640w\" sizes=\"(max-width: 800px) 100vw, 300px\" \/><\/a><\/span><\/div><div class=\"fusion-text fusion-text-5\"><p>Pilze geh\u00f6ren traditionell fest zum Winterspeiseplan. Sie sind sehr nahrreich und eine willkommene Erg\u00e4nzung zum \u00fcblichen Wintergem\u00fcse. Genauso wie die wilden Kr\u00e4uter sind auch die selbstgesammelten Pilze im gesunden Speiseplan der <a title=\"\u201cBlue Zones\u201d und die legend\u00e4re Langlebigkeit der Ikarioten\" href=\"https:\/\/ursula.ikaria.ch\/blue-zones-und-die-legendare-langlebigkeit-der-ikarioten\/\">&#8220;Blue Zones&#8221; <\/a>nicht weg zu denken!<\/p>\n<\/div><div class=\"fusion-sep-clear\"><\/div><div class=\"fusion-separator fusion-full-width-sep\" style=\"margin-left: auto;margin-right: auto;width:100%;\"><\/div><div class=\"fusion-sep-clear\"><\/div><div class=\"fusion-image-element fusion-image-align-left in-legacy-container\" style=\"text-align:left;--awb-caption-title-font-family:var(--h2_typography-font-family);--awb-caption-title-font-weight:var(--h2_typography-font-weight);--awb-caption-title-font-style:var(--h2_typography-font-style);--awb-caption-title-size:var(--h2_typography-font-size);--awb-caption-title-transform:var(--h2_typography-text-transform);--awb-caption-title-line-height:var(--h2_typography-line-height);--awb-caption-title-letter-spacing:var(--h2_typography-letter-spacing);\"><span class=\" fusion-imageframe imageframe-none imageframe-6 hover-type-zoomin content-image\" style=\"margin-right:25px;float:left;\"><a href=\"https:\/\/ursula.ikaria.ch\/wp-content\/uploads\/2013\/12\/2012-12-05-10.06.05.jpg\" class=\"fusion-lightbox\" data-rel=\"iLightbox[21edb53803193618841]\" data-title=\"2012-12-05 10.06.05\" title=\"2012-12-05 10.06.05\"><img decoding=\"async\" width=\"300\" height=\"225\" src=\"https:\/\/ursula.ikaria.ch\/wp-content\/uploads\/2013\/12\/2012-12-05-10.06.05-300x225.jpg\" alt class=\"img-responsive wp-image-4452\" srcset=\"https:\/\/ursula.ikaria.ch\/wp-content\/uploads\/2013\/12\/2012-12-05-10.06.05-200x150.jpg 200w, https:\/\/ursula.ikaria.ch\/wp-content\/uploads\/2013\/12\/2012-12-05-10.06.05-400x300.jpg 400w, https:\/\/ursula.ikaria.ch\/wp-content\/uploads\/2013\/12\/2012-12-05-10.06.05-600x450.jpg 600w, https:\/\/ursula.ikaria.ch\/wp-content\/uploads\/2013\/12\/2012-12-05-10.06.05.jpg 640w\" sizes=\"(max-width: 800px) 100vw, 300px\" \/><\/a><\/span><\/div><div class=\"fusion-text fusion-text-6\"><p>Bevorzugt werden sie auf Holzkohle direkt am Kaminfeuer ger\u00f6stet. Mit einer Prise Salz, <a title=\"Das Fl\u00fcssige Gold des S\u00fcdens\" href=\"https:\/\/ursula.ikaria.ch\/olivenol\/\">gutem Oliven\u00f6l<\/a> und Zitrone betr\u00e4ufelt ein Leckerbissen! Auch im Backofen gebraten schmecken sie sehr aromatisch und sind eine Delikatesse! Wie sie genau zubereitet und haltbar gemacht werden, kannst du unter <a title=\"Wilde Pilze grillieren, braten, fritieren und konservieren\" href=\"https:\/\/ursula.ikaria.ch\/wilde-pilze-grillieren-braten-fritieren-und-konservieren\/\">meinen Lieblings-Pilzrezepten<\/a> weiterlesen\u2026<\/p>\n<p>Es gibt viele essbare Sorten. Aber Vorsicht! Da die \u00e4rztliche Versorgung und insbesondere der \u201eNotfalldienst\u201c hier in Ikaria eher als rudiment\u00e4r bezeichnet werden kann, ist man mit den Pilzen sehr vorsichtig. Man sammelt nur einige allen bekannte Sorten, unbekannte Pilze l\u00e4sst man lieber stehen. Nicht umsonst haben diese Namen wie \u03c6\u03b1\u03bc\u03b5\u03bb\u03af\u03c4\u03b5\u03c2 (Famelites, weil sie die ganze \u201eFameglia\u201c Familie ausl\u00f6schen), \u03b5\u03bb\u03b9\u03ba\u03bf\u03c0\u03c4\u03b5\u03c1\u03af\u03c4\u03b5\u03c2 (Helikopterites, weil der Notfallhelikopter aus Athen gerufen werden muss) oder \u03c3\u03ba\u03c5\u03bb\u03bf\u03bc\u03b1\u03bd\u03af\u03c4\u03b5\u03c2 (Skilomanites, weil sogar die Hunde draufgehen).<\/p>\n<p>Ein sicheres Zeichen f\u00fcr sogenannt \u201egute Pilze\u201c sind die Wildziegen. Wenn diese sie fressen, sind sie auch gut f\u00fcr die Menschen. Das Problem ist, die Ziegen werden meist schneller f\u00fcndig als die Menschen\u2026<\/p>\n<\/div><div class=\"fusion-sep-clear\"><\/div><div class=\"fusion-separator fusion-full-width-sep\" style=\"margin-left: auto;margin-right: auto;width:100%;\"><\/div><div class=\"fusion-sep-clear\"><\/div><div class=\"fusion-clearfix\"><\/div><\/div><\/div><\/div><\/div>\n","protected":false},"excerpt":{"rendered":"","protected":false},"author":12,"featured_media":21853,"parent":0,"menu_order":0,"comment_status":"closed","ping_status":"closed","template":"","meta":{"footnotes":""},"tags":[],"class_list":["post-21852","page","type-page","status-publish","has-post-thumbnail","hentry"],"_links":{"self":[{"href":"https:\/\/ursula.ikaria.ch\/en\/wp-json\/wp\/v2\/pages\/21852","targetHints":{"allow":["GET"]}}],"collection":[{"href":"https:\/\/ursula.ikaria.ch\/en\/wp-json\/wp\/v2\/pages"}],"about":[{"href":"https:\/\/ursula.ikaria.ch\/en\/wp-json\/wp\/v2\/types\/page"}],"author":[{"embeddable":true,"href":"https:\/\/ursula.ikaria.ch\/en\/wp-json\/wp\/v2\/users\/12"}],"replies":[{"embeddable":true,"href":"https:\/\/ursula.ikaria.ch\/en\/wp-json\/wp\/v2\/comments?post=21852"}],"version-history":[{"count":0,"href":"https:\/\/ursula.ikaria.ch\/en\/wp-json\/wp\/v2\/pages\/21852\/revisions"}],"wp:featuredmedia":[{"embeddable":true,"href":"https:\/\/ursula.ikaria.ch\/en\/wp-json\/wp\/v2\/media\/21853"}],"wp:attachment":[{"href":"https:\/\/ursula.ikaria.ch\/en\/wp-json\/wp\/v2\/media?parent=21852"}],"wp:term":[{"taxonomy":"post_tag","embeddable":true,"href":"https:\/\/ursula.ikaria.ch\/en\/wp-json\/wp\/v2\/tags?post=21852"}],"curies":[{"name":"wp","href":"https:\/\/api.w.org\/{rel}","templated":true}]}}