{"id":21780,"date":"2014-10-31T20:14:32","date_gmt":"2014-10-31T18:14:32","guid":{"rendered":"https:\/\/staging.ikaria.ch\/?page_id=21780"},"modified":"2024-04-13T15:04:00","modified_gmt":"2024-04-13T13:04:00","slug":"panorama-studios-in-nas","status":"publish","type":"page","link":"https:\/\/ursula.ikaria.ch\/en\/panorama-studios-in-nas\/","title":{"rendered":"Panorama Studios in Nas"},"content":{"rendered":"<p><div class=\"fusion-fullwidth fullwidth-box fusion-builder-row-1 hundred-percent-fullwidth non-hundred-percent-height-scrolling\" style=\"--awb-border-radius-top-left:0px;--awb-border-radius-top-right:0px;--awb-border-radius-bottom-right:0px;--awb-border-radius-bottom-left:0px;--awb-overflow:visible;--awb-flex-wrap:wrap;\" ><div class=\"fusion-builder-row fusion-row\"><div class=\"fusion-layout-column fusion_builder_column fusion-builder-column-0 fusion_builder_column_1_1 1_1 fusion-one-full fusion-column-first fusion-column-last fusion-column-no-min-height\" style=\"--awb-bg-size:cover;--awb-margin-bottom:0px;\"><div class=\"fusion-column-wrapper fusion-flex-column-wrapper-legacy\"><div class=\"fusion-image-element fusion-image-align-left in-legacy-container\" style=\"text-align:left;--awb-caption-title-font-family:var(--h2_typography-font-family);--awb-caption-title-font-weight:var(--h2_typography-font-weight);--awb-caption-title-font-style:var(--h2_typography-font-style);--awb-caption-title-size:var(--h2_typography-font-size);--awb-caption-title-transform:var(--h2_typography-text-transform);--awb-caption-title-line-height:var(--h2_typography-line-height);--awb-caption-title-letter-spacing:var(--h2_typography-letter-spacing);\"><span class=\" fusion-imageframe imageframe-none imageframe-1 hover-type-zoomin content-image\" style=\"margin-right:25px;float:left;\"><img decoding=\"async\" width=\"352\" height=\"264\" title=\"Panorama Studios Aussicht\" src=\"https:\/\/ursula.ikaria.ch\/wp-content\/uploads\/2014\/10\/panor8.jpg\" alt class=\"img-responsive wp-image-21781\" srcset=\"https:\/\/ursula.ikaria.ch\/wp-content\/uploads\/2014\/10\/panor8-200x150.jpg 200w, https:\/\/ursula.ikaria.ch\/wp-content\/uploads\/2014\/10\/panor8.jpg 352w\" sizes=\"(max-width: 800px) 100vw, 352px\" \/><\/span><\/div><div class=\"fusion-text fusion-text-1\"><p>Panorama Studios is located on a high cliff in <a href=\"https:\/\/ursula.ikaria.ch\/en\/nas\/\">Nas<\/a>. Its location offers breathtaking views of the incredible expanse of the Aegean Sea. If it is visible you can see Mykonos, Tinos, Andros and Chios. Hence the name!<\/p>\n<\/div><div class=\"fusion-image-element fusion-image-align-left in-legacy-container\" style=\"text-align:left;--awb-caption-title-font-family:var(--h2_typography-font-family);--awb-caption-title-font-weight:var(--h2_typography-font-weight);--awb-caption-title-font-style:var(--h2_typography-font-style);--awb-caption-title-size:var(--h2_typography-font-size);--awb-caption-title-transform:var(--h2_typography-text-transform);--awb-caption-title-line-height:var(--h2_typography-line-height);--awb-caption-title-letter-spacing:var(--h2_typography-letter-spacing);\"><span class=\" fusion-imageframe imageframe-none imageframe-2 hover-type-zoomin content-image\" style=\"margin-right:25px;float:left;\"><img decoding=\"async\" width=\"220\" height=\"165\" alt=\"Panorama Studio Zimmer\" title=\"Panorama Studio Zimmer\" src=\"https:\/\/ursula.ikaria.ch\/wp-content\/uploads\/2014\/10\/Panorama-Studio-Zimmer.jpg\" class=\"img-responsive wp-image-6123\" srcset=\"https:\/\/ursula.ikaria.ch\/wp-content\/uploads\/2014\/10\/Panorama-Studio-Zimmer-200x150.jpg 200w, https:\/\/ursula.ikaria.ch\/wp-content\/uploads\/2014\/10\/Panorama-Studio-Zimmer.jpg 220w\" sizes=\"(max-width: 800px) 100vw, 220px\" \/><\/span><\/div><div class=\"fusion-text fusion-text-2\"><p>It offers five furnished and fully equipped, bright studios for 2-4 people, each with a beautiful, large balcony. You will be amazed by the view from the deck chairs of the neighboring islands of Andros and Chios and, when visibility is good, all the way to Turkey. You feel like you&#8217;re in an eagle&#8217;s nest &#8211; with beautiful sunsets!<\/p>\n<\/div><div class=\"fusion-image-element fusion-image-align-left in-legacy-container\" style=\"text-align:left;--awb-caption-title-font-family:var(--h2_typography-font-family);--awb-caption-title-font-weight:var(--h2_typography-font-weight);--awb-caption-title-font-style:var(--h2_typography-font-style);--awb-caption-title-size:var(--h2_typography-font-size);--awb-caption-title-transform:var(--h2_typography-text-transform);--awb-caption-title-line-height:var(--h2_typography-line-height);--awb-caption-title-letter-spacing:var(--h2_typography-letter-spacing);\"><span class=\" fusion-imageframe imageframe-none imageframe-3 hover-type-zoomin content-image\" style=\"margin-right:25px;float:left;\"><img decoding=\"async\" width=\"352\" height=\"264\" alt=\"Panorama Studios Balkon\" title=\"Panorama Studios Balkon\" src=\"https:\/\/ursula.ikaria.ch\/wp-content\/uploads\/2014\/10\/Panorama-Studios-Balkon.jpg\" class=\"img-responsive wp-image-6122\" srcset=\"https:\/\/ursula.ikaria.ch\/wp-content\/uploads\/2014\/10\/Panorama-Studios-Balkon-200x150.jpg 200w, https:\/\/ursula.ikaria.ch\/wp-content\/uploads\/2014\/10\/Panorama-Studios-Balkon.jpg 352w\" sizes=\"(max-width: 800px) 100vw, 352px\" \/><\/span><\/div><div class=\"fusion-text fusion-text-3\"><p>The complex is in a quiet location and highly recommended for a relaxing holiday. You can easily cater for yourself, the small kitchen is well equipped, everything is there! Long-term tenants are just as welcome as holiday guests.<\/p>\n<p>The town of Nas consists of very few houses, most of which are actually taverns. All small family businesses where you can enjoy exceptionally delicious food. Nas lies in a fertile valley and offers unique hiking and swimming opportunities. The remains of the famous Temple of Artemis can be admired in the river valley and there is wonderful snorkeling in Nas Bay.<\/p>\n<\/div><div class=\"fusion-image-element fusion-image-align-left in-legacy-container\" style=\"text-align:left;--awb-caption-title-font-family:var(--h2_typography-font-family);--awb-caption-title-font-weight:var(--h2_typography-font-weight);--awb-caption-title-font-style:var(--h2_typography-font-style);--awb-caption-title-size:var(--h2_typography-font-size);--awb-caption-title-transform:var(--h2_typography-text-transform);--awb-caption-title-line-height:var(--h2_typography-line-height);--awb-caption-title-letter-spacing:var(--h2_typography-letter-spacing);\"><span class=\" fusion-imageframe imageframe-none imageframe-4 hover-type-zoomin content-image\" style=\"margin-right:25px;float:left;\"><img decoding=\"async\" width=\"400\" height=\"318\" alt=\"Panorama Studios Haus\" title=\"Panorama Studios Haus\" src=\"https:\/\/ursula.ikaria.ch\/wp-content\/uploads\/2014\/10\/Panorama-Studios-Haus.jpg\" class=\"img-responsive wp-image-6124\" srcset=\"https:\/\/ursula.ikaria.ch\/wp-content\/uploads\/2014\/10\/Panorama-Studios-Haus-200x159.jpg 200w, https:\/\/ursula.ikaria.ch\/wp-content\/uploads\/2014\/10\/Panorama-Studios-Haus.jpg 400w\" sizes=\"(max-width: 800px) 100vw, 400px\" \/><\/span><\/div><div class=\"fusion-text fusion-text-4\"><p>From Nas there are well-marked hiking trails through the wild Chalaris Gorge to <a href=\"https:\/\/ursula.ikaria.ch\/en\/christos-raches\/\">Christos Raches<\/a> and, for the hard-core, through the water landscapes of Diplopotama up to the large reservoir and the Pezi plateau.<\/p>\n<p>Since Ikaria is very spacious, offers many excursion destinations and not everything can be reached on foot, I recommend a <a href=\"https:\/\/ursula.ikaria.ch\/en\/car-rental\/\">rental car<\/a>, at least temporarily. You can rent these cheaply and easily directly from me. There are special weekly offers in conjunction with a stay in <a href=\"https:\/\/ursula.ikaria.ch\/en\/apartment-house-villa-christina-in-nas\/\">Villa Christina<\/a> or the Panorama Studios! If you are interested, just write me a short message below.<\/p>\n<p>If you have any questions or would like to book, send your message to Ursula here:<\/p>\n\n<div class=\"wpcf7 no-js\" id=\"wpcf7-f21756-o1\" lang=\"en-US\" dir=\"ltr\" data-wpcf7-id=\"21756\">\n<div class=\"screen-reader-response\"><p role=\"status\" aria-live=\"polite\" aria-atomic=\"true\"><\/p> <ul><\/ul><\/div>\n<form action=\"\/en\/wp-json\/wp\/v2\/pages\/21780#wpcf7-f21756-o1\" method=\"post\" class=\"wpcf7-form init\" aria-label=\"Contact form\" novalidate=\"novalidate\" data-status=\"init\">\n<fieldset class=\"hidden-fields-container\"><input type=\"hidden\" name=\"_wpcf7\" value=\"21756\" \/><input type=\"hidden\" name=\"_wpcf7_version\" value=\"6.1.5\" \/><input type=\"hidden\" name=\"_wpcf7_locale\" value=\"en_US\" \/><input type=\"hidden\" name=\"_wpcf7_unit_tag\" value=\"wpcf7-f21756-o1\" \/><input type=\"hidden\" name=\"_wpcf7_container_post\" value=\"0\" \/><input type=\"hidden\" name=\"_wpcf7_posted_data_hash\" value=\"\" \/><input type=\"hidden\" name=\"_wpcf7_recaptcha_response\" value=\"\" \/>\n<\/fieldset>\n<p>Your name (required)\n<\/p>\n<p><span class=\"wpcf7-form-control-wrap\" data-name=\"your-name\"><input size=\"40\" maxlength=\"400\" class=\"wpcf7-form-control wpcf7-text wpcf7-validates-as-required\" aria-required=\"true\" aria-invalid=\"false\" value=\"\" type=\"text\" name=\"your-name\" \/><\/span>\n<\/p>\n<p>Your email address (required)\n<\/p>\n<p><span class=\"wpcf7-form-control-wrap\" data-name=\"your-email\"><input size=\"40\" maxlength=\"400\" class=\"wpcf7-form-control wpcf7-email wpcf7-validates-as-required wpcf7-text wpcf7-validates-as-email\" aria-required=\"true\" aria-invalid=\"false\" value=\"\" type=\"email\" name=\"your-email\" \/><\/span>\n<\/p>\n<p>Subject\n<\/p>\n<p><span class=\"wpcf7-form-control-wrap\" data-name=\"your-subject\"><input size=\"40\" maxlength=\"400\" class=\"wpcf7-form-control wpcf7-text\" aria-invalid=\"false\" value=\"\" type=\"text\" name=\"your-subject\" \/><\/span>\n<\/p>\n<p>Your message\n<\/p>\n<p><span class=\"wpcf7-form-control-wrap\" data-name=\"your-message\"><textarea cols=\"40\" rows=\"10\" maxlength=\"2000\" class=\"wpcf7-form-control wpcf7-textarea\" aria-invalid=\"false\" name=\"your-message\"><\/textarea><\/span>\n<\/p>\n<p><span class=\"wpcf7-form-control-wrap\" data-name=\"newsletter\"><span class=\"wpcf7-form-control wpcf7-checkbox\"><span class=\"wpcf7-list-item first last\"><input type=\"checkbox\" name=\"newsletter[]\" value=\"I want to sign up for the newsletter!\" checked=\"checked\" \/><span class=\"wpcf7-list-item-label\">I want to sign up for the newsletter!<\/span><\/span><\/span><\/span>\n<\/p>\n\n<p><input class=\"wpcf7-form-control wpcf7-submit has-spinner\" type=\"submit\" value=\"Send\" \/>\n<\/p><div class=\"fusion-alert alert custom alert-custom fusion-alert-center wpcf7-response-output fusion-alert-capitalize awb-alert-native-link-color alert-dismissable awb-alert-close-boxed\" style=\"--awb-border-top-left-radius:0px;--awb-border-top-right-radius:0px;--awb-border-bottom-left-radius:0px;--awb-border-bottom-right-radius:0px;\" role=\"alert\"><div class=\"fusion-alert-content-wrapper\"><span class=\"fusion-alert-content\"><\/span><\/div><button type=\"button\" class=\"close toggle-alert\" data-dismiss=\"alert\" aria-label=\"Close\">&times;<\/button><\/div>\n<\/form>\n<\/div>\n\n<p>Here&#8217;s a little video as a foretaste: <a title=\"Panorama Studios\" href=\"https:\/\/www.youtube.com\/watch?v=AlqoUkfa_Yc\" target=\"_blank\" rel=\"noopener noreferrer\">Panorama Studios<\/a><\/p>\n<\/div><div class=\"fusion-sep-clear\"><\/div><div class=\"fusion-separator fusion-full-width-sep\" style=\"margin-left: auto;margin-right: auto;width:100%;\"><\/div><div class=\"fusion-sep-clear\"><\/div><div class=\"fusion-clearfix\"><\/div><\/div><\/div><div class=\"fusion-layout-column fusion_builder_column fusion-builder-column-1 fusion_builder_column_1_1 1_1 fusion-one-full fusion-column-first fusion-column-last\" style=\"--awb-bg-size:cover;\"><div class=\"fusion-column-wrapper fusion-column-has-shadow fusion-flex-column-wrapper-legacy\"><div class=\"fusion-title title fusion-title-1 fusion-title-text fusion-title-size-one\" style=\"--awb-margin-top-small:0px;--awb-margin-right-small:0px;--awb-margin-bottom-small:20px;--awb-margin-left-small:0px;\"><h1 class=\"fusion-title-heading title-heading-left\" style=\"margin:0;\">The best hiking and road maps<\/h1><span class=\"awb-title-spacer\"><\/span><div class=\"title-sep-container\"><div class=\"title-sep sep-double sep-solid\" style=\"border-color:#e0dede;\"><\/div><\/div><\/div><div class=\"fusion-image-element in-legacy-container\" style=\"--awb-caption-title-font-family:var(--h2_typography-font-family);--awb-caption-title-font-weight:var(--h2_typography-font-weight);--awb-caption-title-font-style:var(--h2_typography-font-style);--awb-caption-title-size:var(--h2_typography-font-size);--awb-caption-title-transform:var(--h2_typography-text-transform);--awb-caption-title-line-height:var(--h2_typography-line-height);--awb-caption-title-letter-spacing:var(--h2_typography-letter-spacing);\"><span class=\" fusion-imageframe imageframe-none imageframe-5 hover-type-none\"><img decoding=\"async\" width=\"1200\" height=\"500\" alt=\"Die wilde Natur entdecken\" title=\"Die Natur geniessen\" src=\"https:\/\/ursula.ikaria.ch\/wp-content\/uploads\/2020\/01\/Die-Natur-geniessen-e1580908448639.jpg\" class=\"img-responsive wp-image-23193\"\/><\/span><\/div><div class=\"fusion-text fusion-text-5\"><p>Ikaria\u2019s nature is simply indescribable! To discover the most beautiful places in the Icarian wilderness, you have to set out. You can find the best <a href=\"https:\/\/ursula.ikaria.ch\/en\/hiking-road-maps-and-app-for-smartphone-and-tablet\/\">hiking and road maps here.<\/a><\/p>\n<\/div><div class=\"fusion-sep-clear\"><\/div><div class=\"fusion-separator fusion-full-width-sep\" style=\"margin-left: auto;margin-right: auto;width:100%;\"><\/div><div class=\"fusion-sep-clear\"><\/div><div class=\"fusion-clearfix\"><\/div><\/div><\/div>\n<div class=\"fusion-layout-column fusion_builder_column fusion-builder-column-2 fusion_builder_column_1_1 1_1 fusion-one-full fusion-column-first fusion-column-last\" style=\"--awb-bg-size:cover;--awb-margin-bottom:0px;\"><div class=\"fusion-column-wrapper fusion-flex-column-wrapper-legacy\"><div class=\"fusion-clearfix\"><\/div><\/div><\/div><div class=\"fusion-layout-column fusion_builder_column fusion-builder-column-3 fusion_builder_column_1_1 1_1 fusion-one-full fusion-column-first fusion-column-last\" style=\"--awb-bg-size:cover;\"><div class=\"fusion-column-wrapper fusion-column-has-shadow fusion-flex-column-wrapper-legacy\"><div class=\"fusion-clearfix\"><\/div><\/div><\/div><\/div><\/div><div class=\"fusion-fullwidth fullwidth-box fusion-builder-row-2 nonhundred-percent-fullwidth non-hundred-percent-height-scrolling\" style=\"--awb-border-radius-top-left:0px;--awb-border-radius-top-right:0px;--awb-border-radius-bottom-right:0px;--awb-border-radius-bottom-left:0px;--awb-flex-wrap:wrap;\" ><div class=\"fusion-builder-row fusion-row\"><div class=\"fusion-layout-column fusion_builder_column fusion-builder-column-4 fusion_builder_column_1_1 1_1 fusion-one-full fusion-column-first fusion-column-last\" style=\"--awb-bg-size:cover;\"><div class=\"fusion-column-wrapper fusion-column-has-shadow fusion-flex-column-wrapper-legacy\"><div class=\"fusion-text fusion-text-6\"><p>Not the right accommodation for you? You can browse further here&#8230;<\/p>\n<\/div><div class=\"fusion-clearfix\"><\/div><\/div><\/div><div class=\"fusion-layout-column fusion_builder_column fusion-builder-column-5 fusion_builder_column_1_1 1_1 fusion-one-full fusion-column-first fusion-column-last fusion-column-no-min-height\" style=\"--awb-bg-size:cover;--awb-margin-bottom:0px;\"><div class=\"fusion-column-wrapper fusion-flex-column-wrapper-legacy\"><div class=\"fusion-title title fusion-title-2 fusion-title-text fusion-title-size-one\" style=\"--awb-margin-top-small:0px;--awb-margin-right-small:0px;--awb-margin-bottom-small:20px;--awb-margin-left-small:0px;\"><h1 class=\"fusion-title-heading title-heading-left\" style=\"margin:0;\">Noch auf der Suche nach dem richtigen Hotel?<\/h1><span class=\"awb-title-spacer\"><\/span><div class=\"title-sep-container\"><div class=\"title-sep sep-double sep-solid\" style=\"border-color:#e0dede;\"><\/div><\/div><\/div><div class=\"fusion-image-element in-legacy-container\" style=\"--awb-caption-title-font-family:var(--h2_typography-font-family);--awb-caption-title-font-weight:var(--h2_typography-font-weight);--awb-caption-title-font-style:var(--h2_typography-font-style);--awb-caption-title-size:var(--h2_typography-font-size);--awb-caption-title-transform:var(--h2_typography-text-transform);--awb-caption-title-line-height:var(--h2_typography-line-height);--awb-caption-title-letter-spacing:var(--h2_typography-letter-spacing);\"><span class=\" fusion-imageframe imageframe-none imageframe-6 hover-type-none\"><img decoding=\"async\" width=\"1200\" height=\"500\" alt=\"Dream accommodations\" title=\"Traumunterk\u00fcnfte\" src=\"https:\/\/ursula.ikaria.ch\/wp-content\/uploads\/2020\/01\/Traumunterk\u00fcnfte-e1580907217495.jpg\" class=\"img-responsive wp-image-22995\"\/><\/span><\/div><div class=\"fusion-sep-clear\"><\/div><div class=\"fusion-separator fusion-full-width-sep\" style=\"margin-left: auto;margin-right: auto;margin-top:20px;margin-bottom:20px;width:100%;\"><\/div><div class=\"fusion-sep-clear\"><\/div><div class=\"fusion-text fusion-text-7\"><p>Hier findest du die besten Unterk\u00fcnfte im \u00dcberblick. St\u00f6bere in meinem Artikel \u00fcber <a href=\"https:\/\/ursula.ikaria.ch\/unterkunfte-die-ich-empfehle\/\">Hotels und Pensionen<\/a>. Du bevorzugst Ruhe und mehr Platz? Lieber eine Ferienwohnung oder gar ein ganzes Ferienhaus? Lies dazu meinen Artikel zu <a href=\"https:\/\/ursula.ikaria.ch\/ferienhaeuser\/\">Villen, Ferienh\u00e4user und Bungalows<\/a><\/p>\n<p>Ganz unkompliziert kannst du auch direkt \u00fcber <a href=\"https:\/\/www.booking.com\/searchresults.de.html?region=3021&amp;aid=811304&amp;no_rooms=1&amp;group_adults=2\" target=\"_blank\" rel=\"noopener\">diesen\/meinen Partnerlink bei Booking.com\u00a0<\/a> buchen, dann erhalte ich eine kleine Provision von Booking.com. F\u00fcr dich entstehen dadurch keine Mehrkosten. F\u00fcr \u201eUrsula\u2019s Ikaria\u201c ist es jedoch eine kleine Wertsch\u00e4tzung und hilft zur Kostendeckung dieser Seite \u2013 dar\u00fcber freue ich mich nat\u00fcrlich sehr. Dankesch\u00f6n!<\/p>\n<\/div><div class=\"fusion-sep-clear\"><\/div><div class=\"fusion-separator fusion-full-width-sep\" style=\"margin-left: auto;margin-right: auto;margin-top:20px;margin-bottom:20px;width:100%;\"><\/div><div class=\"fusion-sep-clear\"><\/div><div class=\"fusion-clearfix\"><\/div><\/div><\/div>\n<\/div><\/div><\/p>\n","protected":false},"excerpt":{"rendered":"","protected":false},"author":12,"featured_media":21781,"parent":0,"menu_order":0,"comment_status":"closed","ping_status":"closed","template":"","meta":{"footnotes":""},"tags":[],"class_list":["post-21780","page","type-page","status-publish","has-post-thumbnail","hentry"],"_links":{"self":[{"href":"https:\/\/ursula.ikaria.ch\/en\/wp-json\/wp\/v2\/pages\/21780","targetHints":{"allow":["GET"]}}],"collection":[{"href":"https:\/\/ursula.ikaria.ch\/en\/wp-json\/wp\/v2\/pages"}],"about":[{"href":"https:\/\/ursula.ikaria.ch\/en\/wp-json\/wp\/v2\/types\/page"}],"author":[{"embeddable":true,"href":"https:\/\/ursula.ikaria.ch\/en\/wp-json\/wp\/v2\/users\/12"}],"replies":[{"embeddable":true,"href":"https:\/\/ursula.ikaria.ch\/en\/wp-json\/wp\/v2\/comments?post=21780"}],"version-history":[{"count":0,"href":"https:\/\/ursula.ikaria.ch\/en\/wp-json\/wp\/v2\/pages\/21780\/revisions"}],"wp:featuredmedia":[{"embeddable":true,"href":"https:\/\/ursula.ikaria.ch\/en\/wp-json\/wp\/v2\/media\/21781"}],"wp:attachment":[{"href":"https:\/\/ursula.ikaria.ch\/en\/wp-json\/wp\/v2\/media?parent=21780"}],"wp:term":[{"taxonomy":"post_tag","embeddable":true,"href":"https:\/\/ursula.ikaria.ch\/en\/wp-json\/wp\/v2\/tags?post=21780"}],"curies":[{"name":"wp","href":"https:\/\/api.w.org\/{rel}","templated":true}]}}