{"id":21777,"date":"2013-09-18T17:05:32","date_gmt":"2013-09-18T15:05:32","guid":{"rendered":"https:\/\/staging.ikaria.ch\/?page_id=21777"},"modified":"2024-04-12T18:06:42","modified_gmt":"2024-04-12T16:06:42","slug":"apartment-house-villa-christina-in-nas","status":"publish","type":"page","link":"https:\/\/ursula.ikaria.ch\/en\/apartment-house-villa-christina-in-nas\/","title":{"rendered":"Apartment house Villa Christina in Nas"},"content":{"rendered":"<div class=\"fusion-fullwidth fullwidth-box fusion-builder-row-1 hundred-percent-fullwidth non-hundred-percent-height-scrolling\" style=\"--awb-border-radius-top-left:0px;--awb-border-radius-top-right:0px;--awb-border-radius-bottom-right:0px;--awb-border-radius-bottom-left:0px;--awb-overflow:visible;--awb-flex-wrap:wrap;\" ><div class=\"fusion-builder-row fusion-row\"><div class=\"fusion-layout-column fusion_builder_column fusion-builder-column-0 fusion_builder_column_1_1 1_1 fusion-one-full fusion-column-first fusion-column-last fusion-column-no-min-height\" style=\"--awb-bg-size:cover;--awb-margin-bottom:0px;\"><div class=\"fusion-column-wrapper fusion-flex-column-wrapper-legacy\"><div class=\"fusion-image-element fusion-image-align-left in-legacy-container\" style=\"text-align:left;--awb-caption-title-font-family:var(--h2_typography-font-family);--awb-caption-title-font-weight:var(--h2_typography-font-weight);--awb-caption-title-font-style:var(--h2_typography-font-style);--awb-caption-title-size:var(--h2_typography-font-size);--awb-caption-title-transform:var(--h2_typography-text-transform);--awb-caption-title-line-height:var(--h2_typography-line-height);--awb-caption-title-letter-spacing:var(--h2_typography-letter-spacing);\"><span class=\" fusion-imageframe imageframe-none imageframe-1 hover-type-zoomin content-image\" style=\"margin-right:25px;float:left;\"><img decoding=\"async\" width=\"1024\" height=\"768\" title=\"Sonnenuntergang von Nas\" src=\"https:\/\/ursula.ikaria.ch\/wp-content\/uploads\/2013\/09\/Sonnenuntergang-von-Nas.jpg\" alt class=\"img-responsive wp-image-21778\" srcset=\"https:\/\/ursula.ikaria.ch\/wp-content\/uploads\/2013\/09\/Sonnenuntergang-von-Nas-200x150.jpg 200w, https:\/\/ursula.ikaria.ch\/wp-content\/uploads\/2013\/09\/Sonnenuntergang-von-Nas-400x300.jpg 400w, https:\/\/ursula.ikaria.ch\/wp-content\/uploads\/2013\/09\/Sonnenuntergang-von-Nas-600x450.jpg 600w, https:\/\/ursula.ikaria.ch\/wp-content\/uploads\/2013\/09\/Sonnenuntergang-von-Nas-800x600.jpg 800w, https:\/\/ursula.ikaria.ch\/wp-content\/uploads\/2013\/09\/Sonnenuntergang-von-Nas.jpg 1024w\" sizes=\"(max-width: 800px) 100vw, 1024px\" \/><\/span><\/div><div class=\"fusion-text fusion-text-1\"><p>The apartment house &#8220;Villa Christina&#8221; in Nas on the northwest coast of Ikaria was newly built a few years ago and is located directly above the beautiful bay of Nas. It offers five furnished, bright studios with 40m2 of living space, each with a spacious terrace with loungers and parasols.<\/p>\n<p>The quietest apartments are No2 and No5. All are equipped with a large kitchen-living room and a separate bedroom with a double bed, except No2, where everything is in one room. Apartment No. 5 has a Jacuzzi tub. If someone wants a single room, you could also consider the <a href=\"https:\/\/ursula.ikaria.ch\/en\/panorama-studios-in-nas\/\">Panorama Studios<\/a> and each person rent their own studio.<\/p>\n<p>The view of Nas Bay from the loungers is unbeatable &#8211; with beautiful sunsets and the incredibly clear starry sky above! Pure vacation!<\/p>\n<\/div><div class=\"fusion-image-element fusion-image-align-left in-legacy-container\" style=\"text-align:left;--awb-caption-title-font-family:var(--h2_typography-font-family);--awb-caption-title-font-weight:var(--h2_typography-font-weight);--awb-caption-title-font-style:var(--h2_typography-font-style);--awb-caption-title-size:var(--h2_typography-font-size);--awb-caption-title-transform:var(--h2_typography-text-transform);--awb-caption-title-line-height:var(--h2_typography-line-height);--awb-caption-title-letter-spacing:var(--h2_typography-letter-spacing);\"><span class=\" fusion-imageframe imageframe-none imageframe-2 hover-type-zoomin content-image\" style=\"margin-right:25px;float:left;\"><img decoding=\"async\" width=\"269\" height=\"174\" alt=\"Villa Christina Haus\" title=\"Villa Christina Haus\" src=\"https:\/\/ursula.ikaria.ch\/wp-content\/uploads\/2013\/09\/villa-christina-004.jpg\" class=\"img-responsive wp-image-4170\" srcset=\"https:\/\/ursula.ikaria.ch\/wp-content\/uploads\/2013\/09\/villa-christina-004-200x129.jpg 200w, https:\/\/ursula.ikaria.ch\/wp-content\/uploads\/2013\/09\/villa-christina-004.jpg 269w\" sizes=\"(max-width: 800px) 100vw, 269px\" \/><\/span><\/div><div class=\"fusion-text fusion-text-2\"><p>Villa Christina is wonderful for a relaxing holiday, it is very quiet. With four beds per holiday apartment, it is particularly suitable for couples and families with a maximum of two children. You can easily cater for yourself, the small kitchen is well equipped, everything is there! Long-term tenants are just as welcome as holiday guests.<\/p>\n<\/div><div class=\"fusion-text fusion-text-3\"><p>Despite the quiet location, you don&#8217;t feel isolated as there are several really excellent taverns with traditional cuisine in the town. There is also a small supermarket that is open from June. The beach is within walking distance.<\/p>\n<\/div><div class=\"fusion-image-element fusion-image-align-left in-legacy-container\" style=\"text-align:left;--awb-caption-title-font-family:var(--h2_typography-font-family);--awb-caption-title-font-weight:var(--h2_typography-font-weight);--awb-caption-title-font-style:var(--h2_typography-font-style);--awb-caption-title-size:var(--h2_typography-font-size);--awb-caption-title-transform:var(--h2_typography-text-transform);--awb-caption-title-line-height:var(--h2_typography-line-height);--awb-caption-title-letter-spacing:var(--h2_typography-letter-spacing);\"><span class=\" fusion-imageframe imageframe-none imageframe-3 hover-type-zoomin content-image\" style=\"margin-right:25px;float:left;\"><img decoding=\"async\" width=\"550\" height=\"413\" alt=\"Villa Christina Wohnbereich\" title=\"Villa Christina Wohnbereich\" src=\"https:\/\/ursula.ikaria.ch\/wp-content\/uploads\/2013\/09\/Villa-Christina-k\u00fcche.jpg\" class=\"img-responsive wp-image-4171\" srcset=\"https:\/\/ursula.ikaria.ch\/wp-content\/uploads\/2013\/09\/Villa-Christina-k\u00fcche-200x150.jpg 200w, https:\/\/ursula.ikaria.ch\/wp-content\/uploads\/2013\/09\/Villa-Christina-k\u00fcche-400x300.jpg 400w, https:\/\/ursula.ikaria.ch\/wp-content\/uploads\/2013\/09\/Villa-Christina-k\u00fcche.jpg 550w\" sizes=\"(max-width: 800px) 100vw, 550px\" \/><\/span><\/div><div class=\"fusion-text fusion-text-4\"><p>The town of Nas consists of very few houses, most of which are actually taverns. All small family businesses whose staff and owners are extremely friendly. People greet each other even if they don&#8217;t know each other. People stop to give you a ride in the car. People are warm.<\/p>\n<p>Villa Christina is certainly not for people who are looking for a lot of hustle and bustle or a party, but for those who just want to relax and unwind, Villa Christina is just right. Absolute relaxation for romantics far away from the tourist flow!<\/p>\n<p>Nas itself is picturesque, fertile and offers unique hiking and swimming opportunities. The remains of the Temple of Artemis can be admired in the river valley and there is wonderful snorkeling in Nas Bay.<\/p>\n<\/div><div class=\"fusion-image-element fusion-image-align-left in-legacy-container\" style=\"text-align:left;--awb-caption-title-font-family:var(--h2_typography-font-family);--awb-caption-title-font-weight:var(--h2_typography-font-weight);--awb-caption-title-font-style:var(--h2_typography-font-style);--awb-caption-title-size:var(--h2_typography-font-size);--awb-caption-title-transform:var(--h2_typography-text-transform);--awb-caption-title-line-height:var(--h2_typography-line-height);--awb-caption-title-letter-spacing:var(--h2_typography-letter-spacing);\"><span class=\" fusion-imageframe imageframe-none imageframe-4 hover-type-zoomin content-image\" style=\"margin-right:25px;float:left;\"><img decoding=\"async\" width=\"550\" height=\"413\" alt=\"Villa Christina Schlafzimmer\" title=\"Villa Christina Schlafzimmer\" src=\"https:\/\/ursula.ikaria.ch\/wp-content\/uploads\/2013\/09\/Villa-Christina-Schlafzimmer.jpg\" class=\"img-responsive wp-image-4172\" srcset=\"https:\/\/ursula.ikaria.ch\/wp-content\/uploads\/2013\/09\/Villa-Christina-Schlafzimmer-200x150.jpg 200w, https:\/\/ursula.ikaria.ch\/wp-content\/uploads\/2013\/09\/Villa-Christina-Schlafzimmer-400x300.jpg 400w, https:\/\/ursula.ikaria.ch\/wp-content\/uploads\/2013\/09\/Villa-Christina-Schlafzimmer.jpg 550w\" sizes=\"(max-width: 800px) 100vw, 550px\" \/><\/span><\/div><div class=\"fusion-text fusion-text-5\"><p>From Nas there are well-marked hiking trails through the wild Chalaris Gorge to <a href=\"https:\/\/ursula.ikaria.ch\/en\/christos-raches\/\">Christos Raches<\/a> and, for the hard-core, through the water landscapes of Diplopotama up to the large reservoir and the Pezi plateau.<\/p>\n<p>Since Ikaria is very spacious, offers many excursion destinations and not everything can be reached on foot, I recommend a <a href=\"https:\/\/ursula.ikaria.ch\/en\/car-rental\/\">rental car<\/a>, at least temporarily. You can order it cheaply and easily directly from me. There are special weekly offers in conjunction with a stay in Villa Christina or the <a href=\"https:\/\/ursula.ikaria.ch\/en\/panorama-studios-in-nas\/\">Panorama Studios<\/a>! If you are interested, just write me a short message.<\/p>\n<p>If you have any questions or would like to book, send your message to Ursula here:<\/p>\n\n<div class=\"wpcf7 no-js\" id=\"wpcf7-f21757-o1\" lang=\"en-US\" dir=\"ltr\" data-wpcf7-id=\"21757\">\n<div class=\"screen-reader-response\"><p role=\"status\" aria-live=\"polite\" aria-atomic=\"true\"><\/p> <ul><\/ul><\/div>\n<form action=\"\/en\/wp-json\/wp\/v2\/pages\/21777#wpcf7-f21757-o1\" method=\"post\" class=\"wpcf7-form init\" aria-label=\"Contact form\" novalidate=\"novalidate\" data-status=\"init\">\n<fieldset class=\"hidden-fields-container\"><input type=\"hidden\" name=\"_wpcf7\" value=\"21757\" \/><input type=\"hidden\" name=\"_wpcf7_version\" value=\"6.1.5\" \/><input type=\"hidden\" name=\"_wpcf7_locale\" value=\"en_US\" \/><input type=\"hidden\" name=\"_wpcf7_unit_tag\" value=\"wpcf7-f21757-o1\" \/><input type=\"hidden\" name=\"_wpcf7_container_post\" value=\"0\" \/><input type=\"hidden\" name=\"_wpcf7_posted_data_hash\" value=\"\" \/><input type=\"hidden\" name=\"_wpcf7_recaptcha_response\" value=\"\" \/>\n<\/fieldset>\n<p>Your name (required)\n<\/p>\n<p><span class=\"wpcf7-form-control-wrap\" data-name=\"your-name\"><input size=\"40\" maxlength=\"400\" class=\"wpcf7-form-control wpcf7-text wpcf7-validates-as-required\" aria-required=\"true\" aria-invalid=\"false\" value=\"\" type=\"text\" name=\"your-name\" \/><\/span>\n<\/p>\n<p>Your email address (required)\n<\/p>\n<p><span class=\"wpcf7-form-control-wrap\" data-name=\"your-email\"><input size=\"40\" maxlength=\"400\" class=\"wpcf7-form-control wpcf7-email wpcf7-validates-as-required wpcf7-text wpcf7-validates-as-email\" aria-required=\"true\" aria-invalid=\"false\" value=\"\" type=\"email\" name=\"your-email\" \/><\/span>\n<\/p>\n<p>Subject\n<\/p>\n<p><span class=\"wpcf7-form-control-wrap\" data-name=\"your-subject\"><input size=\"40\" maxlength=\"400\" class=\"wpcf7-form-control wpcf7-text\" aria-invalid=\"false\" value=\"\" type=\"text\" name=\"your-subject\" \/><\/span>\n<\/p>\n<p>Your message\n<\/p>\n<p><span class=\"wpcf7-form-control-wrap\" data-name=\"your-message\"><textarea cols=\"40\" rows=\"10\" maxlength=\"2000\" class=\"wpcf7-form-control wpcf7-textarea\" aria-invalid=\"false\" name=\"your-message\"><\/textarea><\/span>\n<\/p>\n<p><span class=\"wpcf7-form-control-wrap\" data-name=\"newsletter\"><span class=\"wpcf7-form-control wpcf7-checkbox\"><span class=\"wpcf7-list-item first last\"><input type=\"checkbox\" name=\"newsletter[]\" value=\"I want to sign up for the newsletter!\" checked=\"checked\" \/><span class=\"wpcf7-list-item-label\">I want to sign up for the newsletter!<\/span><\/span><\/span><\/span>\n<\/p>\n\n<p><input class=\"wpcf7-form-control wpcf7-submit has-spinner\" type=\"submit\" value=\"Send\" \/>\n<\/p><div class=\"fusion-alert alert custom alert-custom fusion-alert-center wpcf7-response-output fusion-alert-capitalize awb-alert-native-link-color alert-dismissable awb-alert-close-boxed\" style=\"--awb-border-top-left-radius:0px;--awb-border-top-right-radius:0px;--awb-border-bottom-left-radius:0px;--awb-border-bottom-right-radius:0px;\" role=\"alert\"><div class=\"fusion-alert-content-wrapper\"><span class=\"fusion-alert-content\"><\/span><\/div><button type=\"button\" class=\"close toggle-alert\" data-dismiss=\"alert\" aria-label=\"Close\">&times;<\/button><\/div>\n<\/form>\n<\/div>\n\n<p>Here&#8217;s a little video as a foretaste:<a title=\"Villa Christina Nas\" href=\"https:\/\/www.youtube.com\/watch?v=g11cEt2AW64\" target=\"_blank\" rel=\"noopener noreferrer\"> Villa Christina<\/a><\/p>\n<\/div><div class=\"fusion-sep-clear\"><\/div><div class=\"fusion-separator fusion-full-width-sep\" style=\"margin-left: auto;margin-right: auto;width:100%;\"><\/div><div class=\"fusion-sep-clear\"><\/div><div class=\"fusion-clearfix\"><\/div><\/div><\/div><div class=\"fusion-layout-column fusion_builder_column fusion-builder-column-1 fusion_builder_column_1_1 1_1 fusion-one-full fusion-column-first fusion-column-last fusion-column-no-min-height\" style=\"--awb-bg-size:cover;--awb-margin-bottom:0px;\"><div class=\"fusion-column-wrapper fusion-flex-column-wrapper-legacy\"><div class=\"fusion-title title fusion-title-1 fusion-title-text fusion-title-size-one\" style=\"--awb-margin-top-small:0px;--awb-margin-right-small:0px;--awb-margin-bottom-small:20px;--awb-margin-left-small:0px;\"><h1 class=\"fusion-title-heading title-heading-left\" style=\"margin:0;\">Mobil sein ist alles!<\/h1><span class=\"awb-title-spacer\"><\/span><div class=\"title-sep-container\"><div class=\"title-sep sep-double sep-solid\" style=\"border-color:#e0dede;\"><\/div><\/div><\/div><div class=\"fusion-image-element in-legacy-container\" style=\"--awb-caption-title-font-family:var(--h2_typography-font-family);--awb-caption-title-font-weight:var(--h2_typography-font-weight);--awb-caption-title-font-style:var(--h2_typography-font-style);--awb-caption-title-size:var(--h2_typography-font-size);--awb-caption-title-transform:var(--h2_typography-text-transform);--awb-caption-title-line-height:var(--h2_typography-line-height);--awb-caption-title-letter-spacing:var(--h2_typography-letter-spacing);\"><span class=\" fusion-imageframe imageframe-none imageframe-5 hover-type-none\"><a class=\"fusion-no-lightbox\" href=\"https:\/\/ursula.ikaria.ch\/auto-und-moto-vermietung\/\" target=\"_self\" aria-label=\"Die Insel entdecken\"><img decoding=\"async\" width=\"1200\" height=\"500\" alt=\"Die Insel entdecken\" src=\"https:\/\/ursula.ikaria.ch\/wp-content\/uploads\/2020\/01\/Die-Insel-entdecken-e1581526350975.jpg\" class=\"img-responsive wp-image-18181\" srcset=\"https:\/\/ursula.ikaria.ch\/wp-content\/uploads\/2020\/01\/Die-Insel-entdecken-e1581526350975-200x83.jpg 200w, https:\/\/ursula.ikaria.ch\/wp-content\/uploads\/2020\/01\/Die-Insel-entdecken-e1581526350975-400x167.jpg 400w, https:\/\/ursula.ikaria.ch\/wp-content\/uploads\/2020\/01\/Die-Insel-entdecken-e1581526350975-600x250.jpg 600w, https:\/\/ursula.ikaria.ch\/wp-content\/uploads\/2020\/01\/Die-Insel-entdecken-e1581526350975-800x333.jpg 800w, https:\/\/ursula.ikaria.ch\/wp-content\/uploads\/2020\/01\/Die-Insel-entdecken-e1581526350975.jpg 1200w\" sizes=\"(max-width: 800px) 100vw, 1200px\" \/><\/a><\/span><\/div><div class=\"fusion-sep-clear\"><\/div><div class=\"fusion-separator fusion-full-width-sep\" style=\"margin-left: auto;margin-right: auto;margin-top:20px;margin-bottom:20px;width:100%;\"><\/div><div class=\"fusion-sep-clear\"><\/div><div class=\"fusion-text fusion-text-6\"><p>Ikaria ist sehr weitl\u00e4ufig und es gibt keine \u00d6V. Auch wenn dich die Wanderlust und die Freude am Bouldern packt, ist nicht alles zu Fu\u00df zu schaffen, und du verpasst die sch\u00f6nsten Blue Zones Wanderungen oder Ausflugsziele wie das Kl\u00f6sterchen Onufrios oder den Strand von Seichelles. Also empfehle ich unbedingt zumindest zeitweise <a href=\"https:\/\/ursula.ikaria.ch\/auto-und-moto-vermietung\/\">einen Leihwagen<\/a>. Ikaria\u00b4s Natur ist einfach unbeschreiblich! Um die sch\u00f6nsten Orte in der ikarischen Wildnis zu entdecken, musst du dich auf den Weg machen. Dazu findest du hier <a href=\"https:\/\/ursula.ikaria.ch\/wanderkarte-strassenkarte-karten-app-fur-smartphone-und-tablet\/\">die besten Wander- und Strassenkarten<\/a>.<\/p>\n<\/div><div class=\"fusion-sep-clear\"><\/div><div class=\"fusion-separator fusion-full-width-sep\" style=\"margin-left: auto;margin-right: auto;margin-top:20px;margin-bottom:20px;width:100%;\"><\/div><div class=\"fusion-sep-clear\"><\/div><div class=\"fusion-clearfix\"><\/div><\/div><\/div>\n<div class=\"fusion-layout-column fusion_builder_column fusion-builder-column-2 fusion_builder_column_1_1 1_1 fusion-one-full fusion-column-first fusion-column-last\" style=\"--awb-bg-size:cover;--awb-margin-bottom:0px;\"><div class=\"fusion-column-wrapper fusion-flex-column-wrapper-legacy\"><div class=\"fusion-clearfix\"><\/div><\/div><\/div><div class=\"fusion-layout-column fusion_builder_column fusion-builder-column-3 fusion_builder_column_1_1 1_1 fusion-one-full fusion-column-first fusion-column-last\" style=\"--awb-bg-size:cover;\"><div class=\"fusion-column-wrapper fusion-column-has-shadow fusion-flex-column-wrapper-legacy\"><div class=\"fusion-clearfix\"><\/div><\/div><\/div><div class=\"fusion-layout-column fusion_builder_column fusion-builder-column-4 fusion_builder_column_1_1 1_1 fusion-one-full fusion-column-first fusion-column-last\" style=\"--awb-bg-size:cover;\"><div class=\"fusion-column-wrapper fusion-column-has-shadow fusion-flex-column-wrapper-legacy\"><div class=\"fusion-text fusion-text-7\"><p>Not the right accommodation for you? You can browse further here\u2026<\/p>\n<\/div><div class=\"fusion-clearfix\"><\/div><\/div><\/div><div class=\"fusion-layout-column fusion_builder_column fusion-builder-column-5 fusion_builder_column_1_1 1_1 fusion-one-full fusion-column-first fusion-column-last fusion-column-no-min-height\" style=\"--awb-bg-size:cover;--awb-margin-bottom:0px;\"><div class=\"fusion-column-wrapper fusion-flex-column-wrapper-legacy\"><div class=\"fusion-title title fusion-title-2 fusion-title-text fusion-title-size-one\" style=\"--awb-margin-top-small:0px;--awb-margin-right-small:0px;--awb-margin-bottom-small:20px;--awb-margin-left-small:0px;\"><h1 class=\"fusion-title-heading title-heading-left\" style=\"margin:0;\">Noch auf der Suche nach dem richtigen Hotel?<\/h1><span class=\"awb-title-spacer\"><\/span><div class=\"title-sep-container\"><div class=\"title-sep sep-double sep-solid\" style=\"border-color:#e0dede;\"><\/div><\/div><\/div><div class=\"fusion-image-element in-legacy-container\" style=\"--awb-caption-title-font-family:var(--h2_typography-font-family);--awb-caption-title-font-weight:var(--h2_typography-font-weight);--awb-caption-title-font-style:var(--h2_typography-font-style);--awb-caption-title-size:var(--h2_typography-font-size);--awb-caption-title-transform:var(--h2_typography-text-transform);--awb-caption-title-line-height:var(--h2_typography-line-height);--awb-caption-title-letter-spacing:var(--h2_typography-letter-spacing);\"><span class=\" fusion-imageframe imageframe-none imageframe-6 hover-type-none\"><img decoding=\"async\" width=\"1200\" height=\"500\" alt=\"Dream accommodations\" title=\"Traumunterk\u00fcnfte\" src=\"https:\/\/ursula.ikaria.ch\/wp-content\/uploads\/2020\/01\/Traumunterk\u00fcnfte-e1580907217495.jpg\" class=\"img-responsive wp-image-22995\"\/><\/span><\/div><div class=\"fusion-sep-clear\"><\/div><div class=\"fusion-separator fusion-full-width-sep\" style=\"margin-left: auto;margin-right: auto;margin-top:20px;margin-bottom:20px;width:100%;\"><\/div><div class=\"fusion-sep-clear\"><\/div><div class=\"fusion-text fusion-text-8\"><p>Hier findest du die besten Unterk\u00fcnfte im \u00dcberblick. St\u00f6bere in meinem Artikel \u00fcber <a href=\"https:\/\/ursula.ikaria.ch\/unterkunfte-die-ich-empfehle\/\">Hotels und Pensionen<\/a>. Du bevorzugst Ruhe und mehr Platz? Lieber eine Ferienwohnung oder gar ein ganzes Ferienhaus? Lies dazu meinen Artikel zu <a href=\"https:\/\/ursula.ikaria.ch\/ferienhaeuser\/\">Villen, Ferienh\u00e4user und Bungalows<\/a><\/p>\n<p>Ganz unkompliziert kannst du auch direkt \u00fcber <a href=\"https:\/\/www.booking.com\/searchresults.de.html?region=3021&amp;aid=811304&amp;no_rooms=1&amp;group_adults=2\" target=\"_blank\" rel=\"noopener\">diesen\/meinen Partnerlink bei Booking.com\u00a0<\/a> buchen, dann erhalte ich eine kleine Provision von Booking.com. F\u00fcr dich entstehen dadurch keine Mehrkosten. F\u00fcr \u201eUrsula\u2019s Ikaria\u201c ist es jedoch eine kleine Wertsch\u00e4tzung und hilft zur Kostendeckung dieser Seite \u2013 dar\u00fcber freue ich mich nat\u00fcrlich sehr. Dankesch\u00f6n!<\/p>\n<\/div><div class=\"fusion-sep-clear\"><\/div><div class=\"fusion-separator fusion-full-width-sep\" style=\"margin-left: auto;margin-right: auto;margin-top:20px;margin-bottom:20px;width:100%;\"><\/div><div class=\"fusion-sep-clear\"><\/div><div class=\"fusion-clearfix\"><\/div><\/div><\/div>\n<\/div><\/div>\n","protected":false},"excerpt":{"rendered":"","protected":false},"author":12,"featured_media":21778,"parent":0,"menu_order":0,"comment_status":"closed","ping_status":"closed","template":"","meta":{"footnotes":""},"tags":[],"class_list":["post-21777","page","type-page","status-publish","has-post-thumbnail","hentry"],"_links":{"self":[{"href":"https:\/\/ursula.ikaria.ch\/en\/wp-json\/wp\/v2\/pages\/21777","targetHints":{"allow":["GET"]}}],"collection":[{"href":"https:\/\/ursula.ikaria.ch\/en\/wp-json\/wp\/v2\/pages"}],"about":[{"href":"https:\/\/ursula.ikaria.ch\/en\/wp-json\/wp\/v2\/types\/page"}],"author":[{"embeddable":true,"href":"https:\/\/ursula.ikaria.ch\/en\/wp-json\/wp\/v2\/users\/12"}],"replies":[{"embeddable":true,"href":"https:\/\/ursula.ikaria.ch\/en\/wp-json\/wp\/v2\/comments?post=21777"}],"version-history":[{"count":0,"href":"https:\/\/ursula.ikaria.ch\/en\/wp-json\/wp\/v2\/pages\/21777\/revisions"}],"wp:featuredmedia":[{"embeddable":true,"href":"https:\/\/ursula.ikaria.ch\/en\/wp-json\/wp\/v2\/media\/21778"}],"wp:attachment":[{"href":"https:\/\/ursula.ikaria.ch\/en\/wp-json\/wp\/v2\/media?parent=21777"}],"wp:term":[{"taxonomy":"post_tag","embeddable":true,"href":"https:\/\/ursula.ikaria.ch\/en\/wp-json\/wp\/v2\/tags?post=21777"}],"curies":[{"name":"wp","href":"https:\/\/api.w.org\/{rel}","templated":true}]}}