{"id":21385,"date":"2014-08-09T10:37:11","date_gmt":"2014-08-09T08:37:11","guid":{"rendered":"https:\/\/staging.ikaria.ch\/?page_id=21385"},"modified":"2024-04-13T16:30:00","modified_gmt":"2024-04-13T14:30:00","slug":"hiking-and-herbalism-with-xenia","status":"publish","type":"page","link":"https:\/\/ursula.ikaria.ch\/en\/hiking-and-herbalism-with-xenia\/","title":{"rendered":"Hiking and Herbalism with Xenia"},"content":{"rendered":"<p><div class=\"fusion-fullwidth fullwidth-box fusion-builder-row-1 hundred-percent-fullwidth non-hundred-percent-height-scrolling\" style=\"--awb-border-radius-top-left:0px;--awb-border-radius-top-right:0px;--awb-border-radius-bottom-right:0px;--awb-border-radius-bottom-left:0px;--awb-overflow:visible;--awb-flex-wrap:wrap;\" ><div class=\"fusion-builder-row fusion-row\"><div class=\"fusion-layout-column fusion_builder_column fusion-builder-column-0 fusion_builder_column_1_1 1_1 fusion-one-full fusion-column-first fusion-column-last fusion-column-no-min-height\" style=\"--awb-bg-size:cover;--awb-margin-bottom:0px;\"><div class=\"fusion-column-wrapper fusion-flex-column-wrapper-legacy\"><div class=\"fusion-image-element fusion-image-align-left in-legacy-container\" style=\"text-align:left;--awb-caption-title-font-family:var(--h2_typography-font-family);--awb-caption-title-font-weight:var(--h2_typography-font-weight);--awb-caption-title-font-style:var(--h2_typography-font-style);--awb-caption-title-size:var(--h2_typography-font-size);--awb-caption-title-transform:var(--h2_typography-text-transform);--awb-caption-title-line-height:var(--h2_typography-line-height);--awb-caption-title-letter-spacing:var(--h2_typography-letter-spacing);\"><span class=\" fusion-imageframe imageframe-none imageframe-1 hover-type-zoomin content-image\" style=\"margin-right:25px;float:left;\"><img decoding=\"async\" width=\"640\" height=\"480\" alt=\"Xenia auf dem Felsen\" title=\"Xenia Regina Portrait\" src=\"https:\/\/ursula.ikaria.ch\/wp-content\/uploads\/2014\/04\/Xenia-Regina-Portrait.jpg\" class=\"img-responsive wp-image-21386\" srcset=\"https:\/\/ursula.ikaria.ch\/wp-content\/uploads\/2014\/04\/Xenia-Regina-Portrait-200x150.jpg 200w, https:\/\/ursula.ikaria.ch\/wp-content\/uploads\/2014\/04\/Xenia-Regina-Portrait-400x300.jpg 400w, https:\/\/ursula.ikaria.ch\/wp-content\/uploads\/2014\/04\/Xenia-Regina-Portrait-600x450.jpg 600w, https:\/\/ursula.ikaria.ch\/wp-content\/uploads\/2014\/04\/Xenia-Regina-Portrait.jpg 640w\" sizes=\"(max-width: 800px) 100vw, 640px\" \/><\/span><\/div><div class=\"fusion-sep-clear\"><\/div><div class=\"fusion-separator fusion-full-width-sep\" style=\"margin-left: auto;margin-right: auto;width:100%;\"><\/div><div class=\"fusion-sep-clear\"><\/div><div class=\"fusion-text fusion-text-1\"><h2>Xenia introduces herself<\/h2>\n<p>&#8220;My name is Xenia, I am Austrian-Greek, born in Austria and came to Athens when I was 8 years old. My mother is Austrian, my father is Greek and since neither Austria nor Greece felt like my 100% home, I wanted to try to put down roots on the island of Ikaria. Here I spend a lot of time with nature and especially with the hiking trails and beekeeping. I longed for a slower pace of life and not only wanted to live close to nature, but also set up my job there In the last few years in Athens I had worked alongside a homeopath and also often took part in herbal seminars and herbal hikes and I can now wonderfully intertwine this with my current job.<\/p>\n<p>I now also have a little son and am happy to be able to raise him in such a harmonious place. Having the opportunity to go to the beach and swim at least 6 months of the year, collecting figs in summer and chestnuts, nuts and wild mushrooms in autumn, growing your own garden and having your own chickens, goats or pigs, all of this would be in Athens or another big city not possible.<\/p>\n<p>The fact that the road network on the island is not that good is actually a blessing and not a problem. Because in this way many areas are protected from mass tourism. Many sights such as the wild waterfalls, old water mills, hidden gorges or abandoned villages can only be reached on foot and there is a satisfactory network of hiking trails.<\/p>\n<p>For more information and interest in guided tours, please leave a message to Xenia below.<\/p>\n<\/div><div class=\"fusion-sep-clear\"><\/div><div class=\"fusion-separator fusion-full-width-sep\" style=\"margin-left: auto;margin-right: auto;width:100%;\"><\/div><div class=\"fusion-sep-clear\"><\/div><div class=\"fusion-image-element fusion-image-align-left in-legacy-container\" style=\"text-align:left;--awb-caption-title-font-family:var(--h2_typography-font-family);--awb-caption-title-font-weight:var(--h2_typography-font-weight);--awb-caption-title-font-style:var(--h2_typography-font-style);--awb-caption-title-size:var(--h2_typography-font-size);--awb-caption-title-transform:var(--h2_typography-text-transform);--awb-caption-title-line-height:var(--h2_typography-line-height);--awb-caption-title-letter-spacing:var(--h2_typography-letter-spacing);\"><span class=\" fusion-imageframe imageframe-none imageframe-2 hover-type-zoomin content-image\" style=\"margin-right:25px;float:left;\"><img decoding=\"async\" width=\"640\" height=\"480\" alt=\"Wandern, Foto Xenia\" title=\"Wandern in wilden Schluchten, Foto Xenia\" src=\"https:\/\/ursula.ikaria.ch\/wp-content\/uploads\/2014\/08\/Wandern-Foto-Xenia.jpg\" class=\"img-responsive wp-image-5784\" srcset=\"https:\/\/ursula.ikaria.ch\/wp-content\/uploads\/2014\/08\/Wandern-Foto-Xenia-200x150.jpg 200w, https:\/\/ursula.ikaria.ch\/wp-content\/uploads\/2014\/08\/Wandern-Foto-Xenia-400x300.jpg 400w, https:\/\/ursula.ikaria.ch\/wp-content\/uploads\/2014\/08\/Wandern-Foto-Xenia-600x450.jpg 600w, https:\/\/ursula.ikaria.ch\/wp-content\/uploads\/2014\/08\/Wandern-Foto-Xenia.jpg 640w\" sizes=\"(max-width: 800px) 100vw, 640px\" \/><\/span><\/div><div class=\"fusion-sep-clear\"><\/div><div class=\"fusion-separator fusion-full-width-sep\" style=\"margin-left: auto;margin-right: auto;margin-top:40px;margin-bottom:40px;width:100%;\"><\/div><div class=\"fusion-sep-clear\"><\/div><div class=\"fusion-clearfix\"><\/div><\/div><\/div><div class=\"fusion-layout-column fusion_builder_column fusion-builder-column-1 fusion_builder_column_1_1 1_1 fusion-one-full fusion-column-first fusion-column-last fusion-column-no-min-height\" style=\"--awb-bg-size:cover;--awb-margin-bottom:0px;\"><div class=\"fusion-column-wrapper fusion-flex-column-wrapper-legacy\"><div class=\"fusion-title title fusion-title-1 fusion-title-text fusion-title-size-one\" style=\"--awb-margin-top-small:0px;--awb-margin-right-small:0px;--awb-margin-bottom-small:20px;--awb-margin-left-small:0px;\"><h1 class=\"fusion-title-heading title-heading-left\" style=\"margin:0;\">Mobil sein ist alles!<\/h1><span class=\"awb-title-spacer\"><\/span><div class=\"title-sep-container\"><div class=\"title-sep sep-double sep-solid\" style=\"border-color:#e0dede;\"><\/div><\/div><\/div><div class=\"fusion-image-element in-legacy-container\" style=\"--awb-caption-title-font-family:var(--h2_typography-font-family);--awb-caption-title-font-weight:var(--h2_typography-font-weight);--awb-caption-title-font-style:var(--h2_typography-font-style);--awb-caption-title-size:var(--h2_typography-font-size);--awb-caption-title-transform:var(--h2_typography-text-transform);--awb-caption-title-line-height:var(--h2_typography-line-height);--awb-caption-title-letter-spacing:var(--h2_typography-letter-spacing);\"><span class=\" fusion-imageframe imageframe-none imageframe-3 hover-type-none\"><a class=\"fusion-no-lightbox\" href=\"https:\/\/ursula.ikaria.ch\/auto-und-moto-vermietung\/\" target=\"_self\" aria-label=\"Die Insel entdecken\"><img decoding=\"async\" width=\"1200\" height=\"500\" alt=\"Die Insel entdecken\" src=\"https:\/\/ursula.ikaria.ch\/wp-content\/uploads\/2020\/01\/Die-Insel-entdecken-e1581526350975.jpg\" class=\"img-responsive wp-image-18181\" srcset=\"https:\/\/ursula.ikaria.ch\/wp-content\/uploads\/2020\/01\/Die-Insel-entdecken-e1581526350975-200x83.jpg 200w, https:\/\/ursula.ikaria.ch\/wp-content\/uploads\/2020\/01\/Die-Insel-entdecken-e1581526350975-400x167.jpg 400w, https:\/\/ursula.ikaria.ch\/wp-content\/uploads\/2020\/01\/Die-Insel-entdecken-e1581526350975-600x250.jpg 600w, https:\/\/ursula.ikaria.ch\/wp-content\/uploads\/2020\/01\/Die-Insel-entdecken-e1581526350975-800x333.jpg 800w, https:\/\/ursula.ikaria.ch\/wp-content\/uploads\/2020\/01\/Die-Insel-entdecken-e1581526350975.jpg 1200w\" sizes=\"(max-width: 800px) 100vw, 1200px\" \/><\/a><\/span><\/div><div class=\"fusion-sep-clear\"><\/div><div class=\"fusion-separator fusion-full-width-sep\" style=\"margin-left: auto;margin-right: auto;margin-top:20px;margin-bottom:20px;width:100%;\"><\/div><div class=\"fusion-sep-clear\"><\/div><div class=\"fusion-text fusion-text-2\"><p>Ikaria ist sehr weitl\u00e4ufig und es gibt keine \u00d6V. Auch wenn dich die Wanderlust und die Freude am Bouldern packt, ist nicht alles zu Fu\u00df zu schaffen, und du verpasst die sch\u00f6nsten Blue Zones Wanderungen oder Ausflugsziele wie das Kl\u00f6sterchen Onufrios oder den Strand von Seichelles. Also empfehle ich unbedingt zumindest zeitweise <a href=\"https:\/\/ursula.ikaria.ch\/auto-und-moto-vermietung\/\">einen Leihwagen<\/a>. Ikaria\u00b4s Natur ist einfach unbeschreiblich! Um die sch\u00f6nsten Orte in der ikarischen Wildnis zu entdecken, musst du dich auf den Weg machen. Dazu findest du hier <a href=\"https:\/\/ursula.ikaria.ch\/wanderkarte-strassenkarte-karten-app-fur-smartphone-und-tablet\/\">die besten Wander- und Strassenkarten<\/a>.<\/p>\n<\/div><div class=\"fusion-sep-clear\"><\/div><div class=\"fusion-separator fusion-full-width-sep\" style=\"margin-left: auto;margin-right: auto;margin-top:20px;margin-bottom:20px;width:100%;\"><\/div><div class=\"fusion-sep-clear\"><\/div><div class=\"fusion-clearfix\"><\/div><\/div><\/div>\n<div class=\"fusion-layout-column fusion_builder_column fusion-builder-column-2 fusion_builder_column_1_1 1_1 fusion-one-full fusion-column-first fusion-column-last\" style=\"--awb-bg-size:cover;--awb-margin-bottom:0px;\"><div class=\"fusion-column-wrapper fusion-flex-column-wrapper-legacy\"><div class=\"fusion-clearfix\"><\/div><\/div><\/div><\/div><\/div><div class=\"fusion-fullwidth fullwidth-box fusion-builder-row-2 nonhundred-percent-fullwidth non-hundred-percent-height-scrolling\" style=\"--awb-border-radius-top-left:0px;--awb-border-radius-top-right:0px;--awb-border-radius-bottom-right:0px;--awb-border-radius-bottom-left:0px;--awb-flex-wrap:wrap;\" ><div class=\"fusion-builder-row fusion-row\"><div class=\"fusion-layout-column fusion_builder_column fusion-builder-column-3 fusion_builder_column_1_1 1_1 fusion-one-full fusion-column-first fusion-column-last\" style=\"--awb-bg-size:cover;\"><div class=\"fusion-column-wrapper fusion-column-has-shadow fusion-flex-column-wrapper-legacy\"><div class=\"fusion-title title fusion-title-2 fusion-title-text fusion-title-size-one\" style=\"--awb-margin-top:20px;--awb-margin-bottom:20px;--awb-margin-top-small:0px;--awb-margin-right-small:0px;--awb-margin-bottom-small:20px;--awb-margin-left-small:0px;\"><h1 class=\"fusion-title-heading title-heading-left\" style=\"margin:0;\"><h1>Xenia&#8217;s tours<\/h1><\/h1><span class=\"awb-title-spacer\"><\/span><div class=\"title-sep-container\"><div class=\"title-sep sep-double sep-solid\" style=\"border-color:#e0dede;\"><\/div><\/div><\/div><div class=\"fusion-text fusion-text-3\"><h2>Hike \u201cKerame-Droutsoulas-Akamatra\u201d<\/h2>\n<p>Duration: 3-4 hours &#8211; From Kerame through beautiful landscape uphill to Droutsoulas and then through the old village of Droutsoulas to Akamatra, where you can then drink coffee or something else in the quiet village square.<\/p>\n<\/div><div class=\"fusion-text fusion-text-4\"><h2>Small beekeeping seminar<\/h2>\n<p>Duration: 1 hour per group &#8211; In small groups of 5 people each, you will be shown what a beehive looks like from the inside and how the bees work on the honeycomb and the most important information about beekeeping and the life of bees. See also: <a href=\"https:\/\/ursula.ikaria.ch\/en\/the-fascination-of-beekeeping\/\">Fascination with beekeeping<\/a><\/p>\n<\/div><div class=\"fusion-image-element fusion-image-align-left in-legacy-container\" style=\"text-align:left;--awb-caption-title-font-family:var(--h2_typography-font-family);--awb-caption-title-font-weight:var(--h2_typography-font-weight);--awb-caption-title-font-style:var(--h2_typography-font-style);--awb-caption-title-size:var(--h2_typography-font-size);--awb-caption-title-transform:var(--h2_typography-text-transform);--awb-caption-title-line-height:var(--h2_typography-line-height);--awb-caption-title-letter-spacing:var(--h2_typography-letter-spacing);\"><span class=\" fusion-imageframe imageframe-none imageframe-4 hover-type-zoomin content-image\" style=\"margin-right:25px;float:left;\"><img decoding=\"async\" width=\"640\" height=\"569\" alt=\"Xenia als Imkerin\" title=\"Imkerei mit Xenia, Foto Xenia\" src=\"https:\/\/ursula.ikaria.ch\/wp-content\/uploads\/2014\/04\/Imkerei1-Foto-Xenia.jpg\" class=\"img-responsive wp-image-21592\" srcset=\"https:\/\/ursula.ikaria.ch\/wp-content\/uploads\/2014\/04\/Imkerei1-Foto-Xenia-200x178.jpg 200w, https:\/\/ursula.ikaria.ch\/wp-content\/uploads\/2014\/04\/Imkerei1-Foto-Xenia-400x356.jpg 400w, https:\/\/ursula.ikaria.ch\/wp-content\/uploads\/2014\/04\/Imkerei1-Foto-Xenia-600x533.jpg 600w, https:\/\/ursula.ikaria.ch\/wp-content\/uploads\/2014\/04\/Imkerei1-Foto-Xenia.jpg 640w\" sizes=\"(max-width: 800px) 100vw, 640px\" \/><\/span><\/div><div class=\"fusion-sep-clear\"><\/div><div class=\"fusion-separator fusion-full-width-sep\" style=\"margin-left: auto;margin-right: auto;width:100%;\"><\/div><div class=\"fusion-sep-clear\"><\/div><div class=\"fusion-text fusion-text-5\"><h2>Hike \u201cThe Elves\u2019 Path\u201d<\/h2>\n<p>Duration: 5-6 hours &#8211; A hike through a very varied landscape that starts at Lapsachades and ends in Kampos. The trail gets its name from the fact that in some places you actually walk through a tunnel of vegetation, so you often expect an elf or dwarf to pop out from behind a tree at any moment. During the hike there will be a coffee break at the Theoktisti monastery.<\/p>\n<\/div><div class=\"fusion-text fusion-text-6\"><h2>Small herbal seminar<\/h2>\n<p>Duration: 2 hours &#8211; A few words about the island&#8217;s medicinal herbs, their use and effects and the production of healing creams from St. John&#8217;s wort oil.<\/p>\n<\/div><div class=\"fusion-text fusion-text-7\"><h2>Hike \u201cProfitis Ilias-Raxounia-Dipotama-Christos\u201d<\/h2>\n<p>Duration 3-4 hours &#8211; From Profitis Ilias you take a beautiful hiking trail through a pine and oak forest to the impressive Raxounia waterfall, then through an extraordinary stone landscape and after about 1 hour you walk downhill finally to the Chalaris River, where small lakes form where you can refresh yourself wonderfully. Then it&#8217;s not quite as steep uphill again to Christos.<\/p>\n<\/div><div class=\"fusion-sep-clear\"><\/div><div class=\"fusion-separator fusion-full-width-sep\" style=\"margin-left: auto;margin-right: auto;width:100%;\"><\/div><div class=\"fusion-sep-clear\"><\/div>\n<div class=\"wpcf7 no-js\" id=\"wpcf7-f21761-o1\" lang=\"en-US\" dir=\"ltr\" data-wpcf7-id=\"21761\">\n<div class=\"screen-reader-response\"><p role=\"status\" aria-live=\"polite\" aria-atomic=\"true\"><\/p> <ul><\/ul><\/div>\n<form action=\"\/en\/wp-json\/wp\/v2\/pages\/21385#wpcf7-f21761-o1\" method=\"post\" class=\"wpcf7-form init\" aria-label=\"Contact form\" novalidate=\"novalidate\" data-status=\"init\">\n<fieldset class=\"hidden-fields-container\"><input type=\"hidden\" name=\"_wpcf7\" value=\"21761\" \/><input type=\"hidden\" name=\"_wpcf7_version\" value=\"6.1.5\" \/><input type=\"hidden\" name=\"_wpcf7_locale\" value=\"en_US\" \/><input type=\"hidden\" name=\"_wpcf7_unit_tag\" value=\"wpcf7-f21761-o1\" \/><input type=\"hidden\" name=\"_wpcf7_container_post\" value=\"0\" \/><input type=\"hidden\" name=\"_wpcf7_posted_data_hash\" value=\"\" \/><input type=\"hidden\" name=\"_wpcf7_recaptcha_response\" value=\"\" \/>\n<\/fieldset>\n<p>Your name (required)\n<\/p>\n<p><span class=\"wpcf7-form-control-wrap\" data-name=\"your-name\"><input size=\"40\" maxlength=\"400\" class=\"wpcf7-form-control wpcf7-text wpcf7-validates-as-required\" aria-required=\"true\" aria-invalid=\"false\" value=\"\" type=\"text\" name=\"your-name\" \/><\/span>\n<\/p>\n<p>Your email address (required)\n<\/p>\n<p><span class=\"wpcf7-form-control-wrap\" data-name=\"your-email\"><input size=\"40\" maxlength=\"400\" class=\"wpcf7-form-control wpcf7-email wpcf7-validates-as-required wpcf7-text wpcf7-validates-as-email\" aria-required=\"true\" aria-invalid=\"false\" value=\"\" type=\"email\" name=\"your-email\" \/><\/span>\n<\/p>\n<p>Subject\n<\/p>\n<p><span class=\"wpcf7-form-control-wrap\" data-name=\"your-subject\"><input size=\"40\" maxlength=\"400\" class=\"wpcf7-form-control wpcf7-text\" aria-invalid=\"false\" value=\"\" type=\"text\" name=\"your-subject\" \/><\/span>\n<\/p>\n<p>Your message\n<\/p>\n<p><span class=\"wpcf7-form-control-wrap\" data-name=\"your-message\"><textarea cols=\"40\" rows=\"10\" maxlength=\"2000\" class=\"wpcf7-form-control wpcf7-textarea\" aria-invalid=\"false\" name=\"your-message\"><\/textarea><\/span>\n<\/p>\n<p><span class=\"wpcf7-form-control-wrap\" data-name=\"newsletter\"><span class=\"wpcf7-form-control wpcf7-checkbox\"><span class=\"wpcf7-list-item first last\"><input type=\"checkbox\" name=\"newsletter[]\" value=\"I want to sign up for the newsletter!\" checked=\"checked\" \/><span class=\"wpcf7-list-item-label\">I want to sign up for the newsletter!<\/span><\/span><\/span><\/span>\n<\/p>\n\n<p><input class=\"wpcf7-form-control wpcf7-submit has-spinner\" type=\"submit\" value=\"Send\" \/>\n<\/p><div class=\"fusion-alert alert custom alert-custom fusion-alert-center wpcf7-response-output fusion-alert-capitalize awb-alert-native-link-color alert-dismissable awb-alert-close-boxed\" style=\"--awb-border-top-left-radius:0px;--awb-border-top-right-radius:0px;--awb-border-bottom-left-radius:0px;--awb-border-bottom-right-radius:0px;\" role=\"alert\"><div class=\"fusion-alert-content-wrapper\"><span class=\"fusion-alert-content\"><\/span><\/div><button type=\"button\" class=\"close toggle-alert\" data-dismiss=\"alert\" aria-label=\"Close\">&times;<\/button><\/div>\n<\/form>\n<\/div>\n<div class=\"fusion-sep-clear\"><\/div><div class=\"fusion-separator fusion-full-width-sep\" style=\"margin-left: auto;margin-right: auto;width:100%;\"><\/div><div class=\"fusion-sep-clear\"><\/div><div class=\"fusion-clearfix\"><\/div><\/div><\/div><\/div><\/div><div class=\"fusion-fullwidth fullwidth-box fusion-builder-row-3 nonhundred-percent-fullwidth non-hundred-percent-height-scrolling\" style=\"--awb-border-radius-top-left:0px;--awb-border-radius-top-right:0px;--awb-border-radius-bottom-right:0px;--awb-border-radius-bottom-left:0px;--awb-flex-wrap:wrap;\" ><div class=\"fusion-builder-row fusion-row\"><div class=\"fusion-layout-column fusion_builder_column fusion-builder-column-4 fusion_builder_column_1_1 1_1 fusion-one-full fusion-column-first fusion-column-last fusion-column-no-min-height\" style=\"--awb-bg-size:cover;--awb-margin-bottom:0px;\"><div class=\"fusion-column-wrapper fusion-flex-column-wrapper-legacy\"><div class=\"fusion-title title fusion-title-3 fusion-title-text fusion-title-size-one\" style=\"--awb-margin-top-small:0px;--awb-margin-right-small:0px;--awb-margin-bottom-small:20px;--awb-margin-left-small:0px;\"><h1 class=\"fusion-title-heading title-heading-left\" style=\"margin:0;\">Noch auf der Suche nach dem richtigen Hotel?<\/h1><span class=\"awb-title-spacer\"><\/span><div class=\"title-sep-container\"><div class=\"title-sep sep-double sep-solid\" style=\"border-color:#e0dede;\"><\/div><\/div><\/div><div class=\"fusion-image-element in-legacy-container\" style=\"--awb-caption-title-font-family:var(--h2_typography-font-family);--awb-caption-title-font-weight:var(--h2_typography-font-weight);--awb-caption-title-font-style:var(--h2_typography-font-style);--awb-caption-title-size:var(--h2_typography-font-size);--awb-caption-title-transform:var(--h2_typography-text-transform);--awb-caption-title-line-height:var(--h2_typography-line-height);--awb-caption-title-letter-spacing:var(--h2_typography-letter-spacing);\"><span class=\" fusion-imageframe imageframe-none imageframe-5 hover-type-none\"><img decoding=\"async\" width=\"1200\" height=\"500\" alt=\"Dream accommodations\" title=\"Traumunterk\u00fcnfte\" src=\"https:\/\/ursula.ikaria.ch\/wp-content\/uploads\/2020\/01\/Traumunterk\u00fcnfte-e1580907217495.jpg\" class=\"img-responsive wp-image-22995\"\/><\/span><\/div><div class=\"fusion-sep-clear\"><\/div><div class=\"fusion-separator fusion-full-width-sep\" style=\"margin-left: auto;margin-right: auto;margin-top:20px;margin-bottom:20px;width:100%;\"><\/div><div class=\"fusion-sep-clear\"><\/div><div class=\"fusion-text fusion-text-8\"><p>Hier findest du die besten Unterk\u00fcnfte im \u00dcberblick. St\u00f6bere in meinem Artikel \u00fcber <a href=\"https:\/\/ursula.ikaria.ch\/unterkunfte-die-ich-empfehle\/\">Hotels und Pensionen<\/a>. Du bevorzugst Ruhe und mehr Platz? Lieber eine Ferienwohnung oder gar ein ganzes Ferienhaus? Lies dazu meinen Artikel zu <a href=\"https:\/\/ursula.ikaria.ch\/ferienhaeuser\/\">Villen, Ferienh\u00e4user und Bungalows<\/a><\/p>\n<p>Ganz unkompliziert kannst du auch direkt \u00fcber <a href=\"https:\/\/www.booking.com\/searchresults.de.html?region=3021&amp;aid=811304&amp;no_rooms=1&amp;group_adults=2\" target=\"_blank\" rel=\"noopener\">diesen\/meinen Partnerlink bei Booking.com\u00a0<\/a> buchen, dann erhalte ich eine kleine Provision von Booking.com. F\u00fcr dich entstehen dadurch keine Mehrkosten. F\u00fcr \u201eUrsula\u2019s Ikaria\u201c ist es jedoch eine kleine Wertsch\u00e4tzung und hilft zur Kostendeckung dieser Seite \u2013 dar\u00fcber freue ich mich nat\u00fcrlich sehr. Dankesch\u00f6n!<\/p>\n<\/div><div class=\"fusion-sep-clear\"><\/div><div class=\"fusion-separator fusion-full-width-sep\" style=\"margin-left: auto;margin-right: auto;margin-top:20px;margin-bottom:20px;width:100%;\"><\/div><div class=\"fusion-sep-clear\"><\/div><div class=\"fusion-clearfix\"><\/div><\/div><\/div>\n<\/div><\/div><\/p>\n","protected":false},"excerpt":{"rendered":"","protected":false},"author":12,"featured_media":21386,"parent":0,"menu_order":0,"comment_status":"closed","ping_status":"closed","template":"","meta":{"footnotes":""},"tags":[],"class_list":["post-21385","page","type-page","status-publish","has-post-thumbnail","hentry"],"_links":{"self":[{"href":"https:\/\/ursula.ikaria.ch\/en\/wp-json\/wp\/v2\/pages\/21385","targetHints":{"allow":["GET"]}}],"collection":[{"href":"https:\/\/ursula.ikaria.ch\/en\/wp-json\/wp\/v2\/pages"}],"about":[{"href":"https:\/\/ursula.ikaria.ch\/en\/wp-json\/wp\/v2\/types\/page"}],"author":[{"embeddable":true,"href":"https:\/\/ursula.ikaria.ch\/en\/wp-json\/wp\/v2\/users\/12"}],"replies":[{"embeddable":true,"href":"https:\/\/ursula.ikaria.ch\/en\/wp-json\/wp\/v2\/comments?post=21385"}],"version-history":[{"count":0,"href":"https:\/\/ursula.ikaria.ch\/en\/wp-json\/wp\/v2\/pages\/21385\/revisions"}],"wp:featuredmedia":[{"embeddable":true,"href":"https:\/\/ursula.ikaria.ch\/en\/wp-json\/wp\/v2\/media\/21386"}],"wp:attachment":[{"href":"https:\/\/ursula.ikaria.ch\/en\/wp-json\/wp\/v2\/media?parent=21385"}],"wp:term":[{"taxonomy":"post_tag","embeddable":true,"href":"https:\/\/ursula.ikaria.ch\/en\/wp-json\/wp\/v2\/tags?post=21385"}],"curies":[{"name":"wp","href":"https:\/\/api.w.org\/{rel}","templated":true}]}}