{"id":21336,"date":"2012-05-11T20:50:50","date_gmt":"2012-05-11T18:50:50","guid":{"rendered":"https:\/\/staging.ikaria.ch\/?page_id=21336"},"modified":"2024-04-12T19:12:38","modified_gmt":"2024-04-12T17:12:38","slug":"athens-airport","status":"publish","type":"page","link":"https:\/\/ursula.ikaria.ch\/en\/athens-airport\/","title":{"rendered":"Athens airport"},"content":{"rendered":"<p><div class=\"fusion-fullwidth fullwidth-box fusion-builder-row-1 hundred-percent-fullwidth non-hundred-percent-height-scrolling\" style=\"--awb-border-radius-top-left:0px;--awb-border-radius-top-right:0px;--awb-border-radius-bottom-right:0px;--awb-border-radius-bottom-left:0px;--awb-overflow:visible;--awb-flex-wrap:wrap;\" ><div class=\"fusion-builder-row fusion-row\"><div class=\"fusion-layout-column fusion_builder_column fusion-builder-column-0 fusion_builder_column_1_1 1_1 fusion-one-full fusion-column-first fusion-column-last fusion-column-no-min-height\" style=\"--awb-bg-size:cover;--awb-margin-bottom:0px;\"><div class=\"fusion-column-wrapper fusion-flex-column-wrapper-legacy\"><div class=\"fusion-image-element fusion-image-align-left in-legacy-container\" style=\"text-align:left;--awb-caption-title-font-family:var(--h2_typography-font-family);--awb-caption-title-font-weight:var(--h2_typography-font-weight);--awb-caption-title-font-style:var(--h2_typography-font-style);--awb-caption-title-size:var(--h2_typography-font-size);--awb-caption-title-transform:var(--h2_typography-text-transform);--awb-caption-title-line-height:var(--h2_typography-line-height);--awb-caption-title-letter-spacing:var(--h2_typography-letter-spacing);\"><span class=\" fusion-imageframe imageframe-none imageframe-1 hover-type-zoomin content-image\" style=\"margin-right:25px;float:left;\"><img decoding=\"async\" width=\"1000\" height=\"541\" alt=\"Flughafen Elevtherios Venizelos\" title=\"Flughafen Athen\" src=\"https:\/\/ursula.ikaria.ch\/wp-content\/uploads\/2020\/03\/Flughafen-Athen.jpg\" class=\"img-responsive wp-image-21337\" srcset=\"https:\/\/ursula.ikaria.ch\/wp-content\/uploads\/2020\/03\/Flughafen-Athen-200x108.jpg 200w, https:\/\/ursula.ikaria.ch\/wp-content\/uploads\/2020\/03\/Flughafen-Athen-400x216.jpg 400w, https:\/\/ursula.ikaria.ch\/wp-content\/uploads\/2020\/03\/Flughafen-Athen-600x325.jpg 600w, https:\/\/ursula.ikaria.ch\/wp-content\/uploads\/2020\/03\/Flughafen-Athen-800x433.jpg 800w, https:\/\/ursula.ikaria.ch\/wp-content\/uploads\/2020\/03\/Flughafen-Athen.jpg 1000w\" sizes=\"(max-width: 800px) 100vw, 1000px\" \/><\/span><\/div><div class=\"fusion-sep-clear\"><\/div><div class=\"fusion-separator fusion-full-width-sep\" style=\"margin-left: auto;margin-right: auto;width:100%;\"><\/div><div class=\"fusion-sep-clear\"><\/div><div class=\"fusion-text fusion-text-1\"><h1>Your hotel near the airport<\/h1>\n<p>Here is a link for the <a href=\"https:\/\/www.booking.com\/searchresults.el.html?aid=811304&amp;sid=94bc90de198a6e8d773474c120dca4dc&amp;checkin_month=3&amp;checkin_monthday=3&amp;checkin_year=2017&amp;checkout_month=3&amp;checkout_monthday=4&amp;checkout_year=2017&amp;class_interval=1&amp;dest_id=841&amp;dest_type=airport&amp;dtdisc=0&amp;group_adults=2&amp;group_children=0&amp;hlrd=0&amp;inac=0&amp;index_postcard=0&amp;keep_landing=1&amp;label_click=undef&amp;no_rooms=1&amp;offset=0&amp;postcard=0&amp;raw_dest_type=airport&amp;room1=A%2CA&amp;sb_price_type=total&amp;shw_aparth=1&amp;slp_r_match=0&amp;src=searchresults&amp;src_elem=sb&amp;ss=Hotel%20Flughafen%20Athen&amp;ss_all=0&amp;ssb=empty&amp;sshis=0\ufffd_96280-back\">best hotels around Athens Airport<\/a><\/p>\n<h1>Arrival Departure<\/h1>\n<p><a href=\"https:\/\/www.aia.gr\/traveler\/quick-guide\/quick-guide-de\/\">Official website of Athens Airport<\/a> with flight status arrivals and departures. The airport has two levels: lower floor arrivals and upper floor departures.<\/p>\n<h1>Change money<\/h1>\n<p>They say that euros are cheaper to buy in a euro country, so as a Swiss citizen you can buy euros at the airport with foreign currency. But beware! The exchange offices are very expensive! After customs, when you come out into the visitor or collection zone, you can change at ALPHA-BANK for much cheaper and they also charge less exchange fees! Opening hours Mon-Fri 8:00 a.m.-6:00 p.m., Sat-Sun and public holidays 9:00 a.m.-4:00 p.m. There are also ATMs everywhere where you can easily withdraw money as a traveler. By the way, \u201ccapital controls\u201d still apply to Greeks, ie. that they cannot withdraw more than \u20ac420 per week. But if you have a foreign account, which is probably the case, this doesn&#8217;t affect you. You can draw as much as you want.<\/p>\n<h1>Set suitcase<\/h1>\n<p>If you&#8217;re staying in Athens and have a large suitcase, it&#8217;s worth packing it in so you don&#8217;t have to lug it around with you. I always do that! There is luggage storage on the lower floor, i.e. on the arrival level. When you come out of customs clearance, it&#8217;s at the back left of the entrance hall &#8211; right next to the toilets, good to know where they are ;-). Is very safe. Normally you don&#8217;t have to wait for pickup. The company is called &#8220;Care4bag&#8221; &#8211; Tel. (+30) 210 3530352<\/p>\n<\/div><div class=\"fusion-sep-clear\"><\/div><div class=\"fusion-separator fusion-full-width-sep\" style=\"margin-left: auto;margin-right: auto;width:100%;\"><\/div><div class=\"fusion-sep-clear\"><\/div><div class=\"fusion-clearfix\"><\/div><\/div><\/div><div class=\"fusion-layout-column fusion_builder_column fusion-builder-column-1 fusion_builder_column_1_1 1_1 fusion-one-full fusion-column-first fusion-column-last fusion-column-no-min-height\" style=\"--awb-bg-size:cover;--awb-margin-bottom:0px;\"><div class=\"fusion-column-wrapper fusion-flex-column-wrapper-legacy\"><div class=\"fusion-text fusion-text-2\"><h1>Continue with the domestic flight?<\/h1>\n<p>You can find helpful tips and information here: <a href=\"https:\/\/ursula.ikaria.ch\/en\/ikaria-by-plane\/\">Ikaria by plane<\/a><\/p>\n<h1>From the airport to Piraeus port<\/h1>\n<p>From the airport there is a direct express bus Travel time: 1 hour if you don&#8217;t get caught in a traffic jam during rush hour. The ticket costs just under \u20ac10. You can also take the metro to Piraeus, but it is more expensive and you have to change in Syntagma with all your luggage. I recommend the bus!<\/p>\n<p>You can also take a taxi. But please the yellow ones, the black ones are limos. The costs are now fixed and are posted on the taxi rank. You can also pay by card, but check with the driver before the journey.<\/p>\n<p>Normally the ships to and from Ikaria dock at Gate E1. (no guarantee!) From the Piraeus metro station there is a small shuttle bus to the gate and back. And there is also a taxi rank right next to the ship if you want to go to the city or the airport from Ikaria when you arrive.<\/p>\n<p>You can find more helpful tips and information here: <a href=\"https:\/\/ursula.ikaria.ch\/en\/ikaria-by-ship\/\">Ikaria by boat<\/a><\/p>\n<\/div><div class=\"fusion-image-element fusion-image-align-left in-legacy-container\" style=\"text-align:left;--awb-caption-title-font-family:var(--h2_typography-font-family);--awb-caption-title-font-weight:var(--h2_typography-font-weight);--awb-caption-title-font-style:var(--h2_typography-font-style);--awb-caption-title-size:var(--h2_typography-font-size);--awb-caption-title-transform:var(--h2_typography-text-transform);--awb-caption-title-line-height:var(--h2_typography-line-height);--awb-caption-title-letter-spacing:var(--h2_typography-letter-spacing);\"><span class=\" fusion-imageframe imageframe-none imageframe-2 hover-type-zoomin content-image\" style=\"margin-right:25px;float:left;\"><img decoding=\"async\" width=\"880\" height=\"525\" alt=\"Athen Akropolis\" title=\"Athen Akropolis\" src=\"https:\/\/ursula.ikaria.ch\/wp-content\/uploads\/2020\/03\/akropolis.jpg\" class=\"img-responsive wp-image-21334\" srcset=\"https:\/\/ursula.ikaria.ch\/wp-content\/uploads\/2020\/03\/akropolis-200x119.jpg 200w, https:\/\/ursula.ikaria.ch\/wp-content\/uploads\/2020\/03\/akropolis-400x239.jpg 400w, https:\/\/ursula.ikaria.ch\/wp-content\/uploads\/2020\/03\/akropolis-600x358.jpg 600w, https:\/\/ursula.ikaria.ch\/wp-content\/uploads\/2020\/03\/akropolis-800x477.jpg 800w, https:\/\/ursula.ikaria.ch\/wp-content\/uploads\/2020\/03\/akropolis.jpg 880w\" sizes=\"(max-width: 800px) 100vw, 880px\" \/><\/span><\/div><div class=\"fusion-text fusion-text-3\"><p>All information provided is intended as support, but is not guaranteed!<\/p>\n<\/div><div class=\"fusion-sep-clear\"><\/div><div class=\"fusion-separator fusion-full-width-sep\" style=\"margin-left: auto;margin-right: auto;width:100%;\"><\/div><div class=\"fusion-sep-clear\"><\/div><div class=\"fusion-title title fusion-title-1 fusion-title-text fusion-title-size-one\" style=\"--awb-margin-top-small:0px;--awb-margin-right-small:0px;--awb-margin-bottom-small:20px;--awb-margin-left-small:0px;\"><h1 class=\"fusion-title-heading title-heading-left\" style=\"margin:0;\"><h1 class=\"fusion-responsive-typography-calculated\" data-fontsize=\"34\" data-lineheight=\"47.9333px\">City guides, pocket guides and city maps of Athens<\/h1><\/h1><span class=\"awb-title-spacer\"><\/span><div class=\"title-sep-container\"><div class=\"title-sep sep-double sep-solid\" style=\"border-color:#e0dede;\"><\/div><\/div><\/div><div class=\"fusion-text fusion-text-4\"><p><a href=\"https:\/\/www.amazon.de\/DuMont-direkt-Reisef%C3%BChrer-Athen-Cityplan\/dp\/3770184467\/ref=as_li_ss_il?&amp;keywords=Stadtf%C3%BChrer+Athen&amp;qid=1584381236&amp;sr=8-3&amp;linkCode=li3&amp;tag=ursuikar-21&amp;linkId=8ebd187c8ac925f8bb9bc8148421e89b&amp;language=de_DE\" target=\"_blank\" rel=\"noopener noreferrer\"><img decoding=\"async\" src=\"\/\/ws-eu.amazon-adsystem.com\/widgets\/q?_encoding=UTF8&amp;ASIN=3770184467&amp;Format=_SL250_&amp;ID=AsinImage&amp;MarketPlace=DE&amp;ServiceVersion=20070822&amp;WS=1&amp;tag=ursuikar-21&amp;language=de_DE\" border=\"0\" \/><\/a><img decoding=\"async\" style=\"border: none !important; margin: 0px !important;\" src=\"https:\/\/ir-de.amazon-adsystem.com\/e\/ir?t=ursuikar-21&amp;language=de_DE&amp;l=li3&amp;o=3&amp;a=3770184467\" alt=\"\" width=\"1\" height=\"1\" border=\"0\" \/><\/p>\n<p>The practical paperback city guide from <a href=\"https:\/\/www.amazon.de\/DuMont-direkt-Reisef%C3%BChrer-Athen-Cityplan\/dp\/3770184467\/ref=as_li_ss_tl?__mk_de_DE=%C3%85M%C3%85%C5%BD%C3%95%C3%91&amp;keywords=dumont+reisef%C3%BChrer+athen&amp;qid=1584380964&amp;s=books&amp;sr=1-2&amp;linkCode=sl1&amp;tag=ursuikar-21&amp;linkId=ace3f24b8a41ed66d05353c11a6faeab&amp;language=de_DE\">DuMont direct travel guide Athens<\/a>. With the 15 \u201cdirect chapters\u201d of the travel guide by Klaus B\u00f6tig and Elisa H\u00fcbel, you can mingle casually with the Athenians, immerse yourself directly in city life and get to know the highlights and hotspots: old and new trendy districts, the hustle and bustle in the old town district of Pl\u00e1ka or everyday life in the market district, green and young Athens, exciting museums and archaeological sites.<\/p>\n<p><a href=\"https:\/\/www.amazon.de\/gp\/product\/3770129369\/ref=as_li_ss_il?ie=UTF8&amp;linkCode=li3&amp;tag=ursuikar-21&amp;linkId=cc001ca91bb60f506edee434c74a801b&amp;language=de_DE\" target=\"_blank\" rel=\"noopener noreferrer\"><img decoding=\"async\" src=\"\/\/ws-eu.amazon-adsystem.com\/widgets\/q?_encoding=UTF8&amp;ASIN=3770129369&amp;Format=_SL250_&amp;ID=AsinImage&amp;MarketPlace=DE&amp;ServiceVersion=20070822&amp;WS=1&amp;tag=ursuikar-21&amp;language=de_DE\" border=\"0\" \/><\/a><img decoding=\"async\" style=\"border: none !important; margin: 0px !important;\" src=\"https:\/\/ir-de.amazon-adsystem.com\/e\/ir?t=ursuikar-21&amp;language=de_DE&amp;l=li3&amp;o=3&amp;a=3770129369\" alt=\"\" width=\"1\" height=\"1\" border=\"0\" \/><\/p>\n<p>If your focus is on art history, I recommend the <a href=\"https:\/\/www.amazon.de\/gp\/product\/3770129369\/ref=as_li_ss_tl?ie=UTF8&amp;linkCode=sl1&amp;tag=ursuikar-21&amp;linkId=d1057099f4a3e7ce5ce3ab29a93bece3&amp;language=de_DE\">DuMont art travel guide to mainland Greece<\/a>. The Greek mainland with its wealth of archaeological and art-historical sights &#8211; including legendary sightseeing destinations such as the Acropolis of Athens, the stadium and temple district of Delphi or the Meteora monasteries. Factually sound, extremely informative and clearly written, this art travel guide is a &#8220;must&#8221; for every culturally, politically and historically interested visitor to Greece.<\/p>\n<p>Or you can continue browsing at your leisure here: <a href=\"https:\/\/www.amazon.de\/s?k=Stadtf%C3%BChrer+Athen&amp;language=de_DE&amp;linkCode=sl2&amp;linkId=1022b472d68ca7a80399dfb119d12c6f&amp;tag=ursuikar-21&amp;ref=as_li_qf_sp_sr_tl\">Athens city guide<\/a><\/p>\n<p><a href=\"https:\/\/www.amazon.de\/MARCO-POLO-Reisef%C3%BChrer-Athen-Insider-Tipps\/dp\/3829727070\/ref=as_li_ss_il?keywords=Stadtf%C3%BChrer+Athen&amp;qid=1584385990&amp;sr=8-1&amp;linkCode=li3&amp;tag=ursuikar-21&amp;linkId=23cc4bd2aa484eab3efe7afb13848699&amp;language=de_DE\" target=\"_blank\" rel=\"noopener noreferrer\"><img decoding=\"async\" src=\"\/\/ws-eu.amazon-adsystem.com\/widgets\/q?_encoding=UTF8&amp;ASIN=3829727070&amp;Format=_SL250_&amp;ID=AsinImage&amp;MarketPlace=DE&amp;ServiceVersion=20070822&amp;WS=1&amp;tag=ursuikar-21&amp;language=de_DE\" border=\"0\" \/><\/a><\/p>\n<p>The author&#8217;s insider tips let you experience Athens individually and authentically, and the low-budget tips will save you money. Explore Athens in all its facets with the tailor-made <a href=\"https:\/\/www.amazon.de\/MARCO-POLO-Reisef%C3%BChrer-Athen-Insider-Tipps\/dp\/3829727070\/ref=as_li_ss_tl?keywords=Stadtf%C3%BChrer+Athen&amp;qid=1584385990&amp;sr=8-1&amp;linkCode=sl1&amp;tag=ursuikar-21&amp;linkId=20a168125e91fe78236d6b631199334c&amp;language=de_DE\">MARCO POLO adventure tours<\/a>. The specially developed design ensures the greatest possible orientation &#8211; even when reading and even more so on site.<\/p>\n<p><a href=\"https:\/\/www.amazon.de\/Reise-Know-How-CityTrip-Athen-Reisef%C3%BChrer\/dp\/3831721548\/ref=as_li_ss_il?keywords=Stadtf%C3%BChrer+Athen&amp;qid=1584386094&amp;sr=8-2&amp;linkCode=li3&amp;tag=ursuikar-21&amp;linkId=62a797d9e7493b1d0e8e3b3ea50d66b9&amp;language=de_DE\" target=\"_blank\" rel=\"noopener noreferrer\"><img decoding=\"async\" class=\"alignnone\" src=\"\/\/ws-eu.amazon-adsystem.com\/widgets\/q?_encoding=UTF8&amp;ASIN=3831721548&amp;Format=_SL250_&amp;ID=AsinImage&amp;MarketPlace=DE&amp;ServiceVersion=20070822&amp;WS=1&amp;tag=ursuikar-21&amp;language=de_DE\" border=\"0\" \/><\/a><\/p>\n<p>This current <a href=\"https:\/\/www.amazon.de\/Reise-Know-How-CityTrip-Athen-Reisef%C3%BChrer\/dp\/3831721548\/ref=as_li_ss_tl?keywords=Stadtf%C3%BChrer+Athen&amp;qid=1584386094&amp;sr=8-2&amp;linkCode=sl1&amp;tag=ursuikar-21&amp;linkId=9a56361f39975d0941bca888c009b1e8&amp;language=de_DE\">City Trip Athens<\/a> city guide is the ideal companion for discovering all sides of the Greek capital independently: the city&#8217;s most important sights and museums as well as lesser-known attractions and districts are presented and evaluated in detail. Fascinating insights into a city between antiquity and modernity. Varied city walks around the Acropolis and through the new town. Experience suggestions for a short trip.<\/p>\n<p><a href=\"https:\/\/www.amazon.de\/Orte-Athen-gesehen-haben-muss\/dp\/3740805609\/ref=as_li_ss_il?keywords=Stadtf%C3%BChrer+Athen&amp;qid=1584386138&amp;sr=8-4&amp;linkCode=li3&amp;tag=ursuikar-21&amp;linkId=5187e5e979b13c6ec1671567128f8307&amp;language=de_DE\" target=\"_blank\" rel=\"noopener noreferrer\"><img decoding=\"async\" class=\"alignnone\" src=\"\/\/ws-eu.amazon-adsystem.com\/widgets\/q?_encoding=UTF8&amp;ASIN=3740805609&amp;Format=_SL250_&amp;ID=AsinImage&amp;MarketPlace=DE&amp;ServiceVersion=20070822&amp;WS=1&amp;tag=ursuikar-21&amp;language=de_DE\" border=\"0\" \/><\/a><\/p>\n<p><a href=\"https:\/\/www.amazon.de\/Orte-Athen-gesehen-haben-muss\/dp\/3740805609\/ref=as_li_ss_tl?keywords=Stadtf%C3%BChrer+Athen&amp;qid=1584386138&amp;sr=8-4&amp;linkCode=sl1&amp;tag=ursuikar-21&amp;linkId=65849d6d20733e97e28aab8a457af398&amp;language=de_DE\">111 must-see places in Athens<\/a>! Another city could collapse under the weight of the cultural burden. But Athens is carried away. History is everywhere, yet the city has developed a thriving, edgy, diverse, colorful lifestyle that is unique. This city guide impresses with its stunning photos! You&#8217;ve never seen Athens like this! Makes you want to go out and discover!<\/p>\n<\/div><div class=\"fusion-sep-clear\"><\/div><div class=\"fusion-separator fusion-full-width-sep\" style=\"margin-left: auto;margin-right: auto;width:100%;\"><\/div><div class=\"fusion-sep-clear\"><\/div><div class=\"fusion-clearfix\"><\/div><\/div><\/div><\/div><\/div><div class=\"fusion-fullwidth fullwidth-box fusion-builder-row-2 nonhundred-percent-fullwidth non-hundred-percent-height-scrolling\" style=\"--awb-border-radius-top-left:0px;--awb-border-radius-top-right:0px;--awb-border-radius-bottom-right:0px;--awb-border-radius-bottom-left:0px;--awb-padding-top:20px;--awb-padding-bottom:20px;--awb-flex-wrap:wrap;\" ><div class=\"fusion-builder-row fusion-row\"><div class=\"fusion-layout-column fusion_builder_column fusion-builder-column-2 fusion_builder_column_1_1 1_1 fusion-one-full fusion-column-first fusion-column-last\" style=\"--awb-bg-size:cover;\"><div class=\"fusion-column-wrapper fusion-flex-column-wrapper-legacy\"><div class=\"fusion-text fusion-text-5\"><p>Athen ist eine fantastische Metropole! Da kann man lecker essen und herrlich flanieren. Du findest alles! Moderne Gesch\u00e4fte direkt neben antiken St\u00e4tten, kleine Bazare mit arabischen Flair, den ber\u00fchmten Flohmarkt Monastiraki und Plaka, die verwinkelte Altstadt. Von der Akropolis und dem antiken r\u00f6mischen Markt fange ich gar nicht an. Lies meine aktualisierten <a title=\"Tipps f\u00fcr einen gelungenen Aufenthalt in Athen\" href=\"https:\/\/ursula.ikaria.ch\/tipps-fur-einen-gelungenen-zwischenstopp-in-athen\/\" target=\"_blank\" rel=\"noopener noreferrer\" data-cke-saved-href=\"https:\/\/ursula.ikaria.ch\/tipps-fur-einen-gelungenen-zwischenstopp-in-athen\/\">Tipps<\/a> f\u00fcr einen gelungenen Aufenthalt in Athen. Falls du \u00fcbernachten m\u00f6chtest, findest du hier meine <a title=\"Die besten Hotels in Athen\" href=\"https:\/\/ursula.ikaria.ch\/wo-wohnen-in-athen\/\" target=\"_blank\" rel=\"noopener noreferrer\">Top-Hotel-Liste<\/a> und wie du am einfachsten <a title=\"Vom Flughafen Athen bis in die Stadt\" href=\"https:\/\/ursula.ikaria.ch\/athen_vom_flughafen_in_die_stadt\/\" target=\"_blank\" rel=\"noopener noreferrer\" data-cke-saved-href=\"https:\/\/ursula.ikaria.ch\/athen_vom_flughafen_in_die_stadt\/\">vom Flughafen bis in die Stadt<\/a> kommst.<\/p>\n<p>Athens is a fantastic metropolis! You can eat delicious food and take a wonderful stroll there. You find everything! Modern shops right next to ancient sites, small bazaars with an Arabic flair, the famous Monastiraki flea market and Plaka, the winding old town. Don&#8217;t even get me started on the Acropolis and the ancient Roman market. Read my updated <a href=\"https:\/\/ursula.ikaria.ch\/en\/tips-for-a-successful-stay-in-athens\/\">tips<\/a> for a successful stay in Athens. If you want to stay overnight, here is my <a href=\"https:\/\/ursula.ikaria.ch\/en\/the-best-hotels-in-athens\/\">top hotel list<\/a> and the <a href=\"https:\/\/ursula.ikaria.ch\/en\/bus-metro-taxi\/\">easiest way to get from the airport to the city<\/a>.<\/p>\n<div style=\"width: 100%; margin-top: 80px; margin-bottom: 60px;\"><a href=\"https:\/\/track.webgains.com\/click.html?wglinkid=471641&amp;wgcampaignid=169847&amp;js=0\" target=\"_blank\" rel=\"noopener noreferrer\"><img decoding=\"async\" src=\"https:\/\/track.webgains.com\/link.html?wglinkid=471641&amp;wgcampaignid=169847\" alt=\"\" width=\"930\" height=\"180\" border=\"0\" \/><\/a><\/div>\n<\/div><div class=\"fusion-clearfix\"><\/div><\/div><\/div><\/div><\/div><\/p>\n","protected":false},"excerpt":{"rendered":"","protected":false},"author":12,"featured_media":21337,"parent":0,"menu_order":0,"comment_status":"closed","ping_status":"closed","template":"","meta":{"footnotes":""},"tags":[],"class_list":["post-21336","page","type-page","status-publish","has-post-thumbnail","hentry"],"_links":{"self":[{"href":"https:\/\/ursula.ikaria.ch\/en\/wp-json\/wp\/v2\/pages\/21336","targetHints":{"allow":["GET"]}}],"collection":[{"href":"https:\/\/ursula.ikaria.ch\/en\/wp-json\/wp\/v2\/pages"}],"about":[{"href":"https:\/\/ursula.ikaria.ch\/en\/wp-json\/wp\/v2\/types\/page"}],"author":[{"embeddable":true,"href":"https:\/\/ursula.ikaria.ch\/en\/wp-json\/wp\/v2\/users\/12"}],"replies":[{"embeddable":true,"href":"https:\/\/ursula.ikaria.ch\/en\/wp-json\/wp\/v2\/comments?post=21336"}],"version-history":[{"count":0,"href":"https:\/\/ursula.ikaria.ch\/en\/wp-json\/wp\/v2\/pages\/21336\/revisions"}],"wp:featuredmedia":[{"embeddable":true,"href":"https:\/\/ursula.ikaria.ch\/en\/wp-json\/wp\/v2\/media\/21337"}],"wp:attachment":[{"href":"https:\/\/ursula.ikaria.ch\/en\/wp-json\/wp\/v2\/media?parent=21336"}],"wp:term":[{"taxonomy":"post_tag","embeddable":true,"href":"https:\/\/ursula.ikaria.ch\/en\/wp-json\/wp\/v2\/tags?post=21336"}],"curies":[{"name":"wp","href":"https:\/\/api.w.org\/{rel}","templated":true}]}}