{"id":21198,"date":"2021-02-23T16:47:21","date_gmt":"2021-02-23T14:47:21","guid":{"rendered":"https:\/\/staging.ikaria.ch\/?page_id=21198"},"modified":"2024-04-12T15:17:18","modified_gmt":"2024-04-12T13:17:18","slug":"martakia-march-ribbons","status":"publish","type":"page","link":"https:\/\/ursula.ikaria.ch\/en\/martakia-march-ribbons\/","title":{"rendered":"&#8220;Martakia&#8221; March Ribbons"},"content":{"rendered":"<p><div class=\"fusion-fullwidth fullwidth-box fusion-builder-row-1 nonhundred-percent-fullwidth non-hundred-percent-height-scrolling fusion-equal-height-columns\" style=\"--awb-border-radius-top-left:0px;--awb-border-radius-top-right:0px;--awb-border-radius-bottom-right:0px;--awb-border-radius-bottom-left:0px;--awb-flex-wrap:wrap;\" ><div class=\"fusion-builder-row fusion-row\"><div class=\"fusion-layout-column fusion_builder_column fusion-builder-column-0 fusion_builder_column_1_2 1_2 fusion-one-half fusion-column-first\" style=\"--awb-bg-size:cover;width:50%;width:calc(50% - ( ( 4% ) * 0.5 ) );margin-right: 4%;\"><div class=\"fusion-column-wrapper fusion-column-has-shadow fusion-flex-column-wrapper-legacy\"><div class=\"fusion-image-element in-legacy-container\" style=\"--awb-caption-title-font-family:var(--h2_typography-font-family);--awb-caption-title-font-weight:var(--h2_typography-font-weight);--awb-caption-title-font-style:var(--h2_typography-font-style);--awb-caption-title-size:var(--h2_typography-font-size);--awb-caption-title-transform:var(--h2_typography-text-transform);--awb-caption-title-line-height:var(--h2_typography-line-height);--awb-caption-title-letter-spacing:var(--h2_typography-letter-spacing);\"><span class=\" fusion-imageframe imageframe-none imageframe-1 hover-type-zoomin\"><img decoding=\"async\" width=\"960\" height=\"1280\" alt=\"March Ribbons by \u03a0U\" title=\"M\u00e4rzb\u00e4nder by \u03a0U\" src=\"https:\/\/ursula.ikaria.ch\/wp-content\/uploads\/2019\/03\/IMG-20210223-WA0002.jpg\" class=\"img-responsive wp-image-19653\" srcset=\"https:\/\/ursula.ikaria.ch\/wp-content\/uploads\/2019\/03\/IMG-20210223-WA0002-200x267.jpg 200w, https:\/\/ursula.ikaria.ch\/wp-content\/uploads\/2019\/03\/IMG-20210223-WA0002-400x533.jpg 400w, https:\/\/ursula.ikaria.ch\/wp-content\/uploads\/2019\/03\/IMG-20210223-WA0002-600x800.jpg 600w, https:\/\/ursula.ikaria.ch\/wp-content\/uploads\/2019\/03\/IMG-20210223-WA0002-800x1067.jpg 800w, https:\/\/ursula.ikaria.ch\/wp-content\/uploads\/2019\/03\/IMG-20210223-WA0002.jpg 960w\" sizes=\"(max-width: 800px) 100vw, 600px\" \/><\/span><\/div><div class=\"fusion-clearfix\"><\/div><\/div><\/div><div class=\"fusion-layout-column fusion_builder_column fusion-builder-column-1 fusion_builder_column_1_2 1_2 fusion-one-half fusion-column-last\" style=\"--awb-bg-size:cover;width:50%;width:calc(50% - ( ( 4% ) * 0.5 ) );\"><div class=\"fusion-column-wrapper fusion-column-has-shadow fusion-flex-column-wrapper-legacy\"><div class=\"fusion-text fusion-text-1\"><h1>March Ribbons By \u03a0U<\/h1>\n<p>Martakia and baby Martakia<\/p>\n<p>Meaning: Spring good luck charm<\/p>\n<p>Two handmade ribbons per card, one for you and one to give as a gift!<\/p>\n<div class=\" _50f7\"><strong>Product details<\/strong><\/div>\n<div><\/div>\n<div class=\"_1xwp\">\n<p>Designed and handmade by Ursula and Selina Kastanias<\/p>\n<p>Unisex bracelets for women and men<br \/>\nSize: adjustable, macrame closure<br \/>\nBaby Martakia for children<br \/>\ncotton yarn<br \/>\nGlass, stainless steel and metal beads<br \/>\nFree gift wrapping<br \/>\nShipping costs depending on the country, please inquire<\/p>\n<\/div>\n<div><\/div>\n<div><\/div>\n<\/div><div class=\"fusion-clearfix\"><\/div><\/div><\/div><\/div><\/div><div class=\"fusion-fullwidth fullwidth-box fusion-builder-row-2 nonhundred-percent-fullwidth non-hundred-percent-height-scrolling\" style=\"--awb-border-radius-top-left:0px;--awb-border-radius-top-right:0px;--awb-border-radius-bottom-right:0px;--awb-border-radius-bottom-left:0px;--awb-flex-wrap:wrap;\" ><div class=\"fusion-builder-row fusion-row\"><div class=\"fusion-layout-column fusion_builder_column fusion-builder-column-2 fusion_builder_column_1_1 1_1 fusion-one-full fusion-column-first fusion-column-last\" style=\"--awb-bg-size:cover;\"><div class=\"fusion-column-wrapper fusion-column-has-shadow fusion-flex-column-wrapper-legacy\"><div class=\"fusion-sep-clear\"><\/div><div class=\"fusion-separator fusion-full-width-sep\" style=\"margin-left: auto;margin-right: auto;margin-bottom:40px;width:100%;\"><\/div><div class=\"fusion-sep-clear\"><\/div><div class=\"fusion-image-carousel fusion-image-carousel-auto fusion-image-carousel-1 fusion-carousel-border\"><div class=\"awb-carousel awb-swiper awb-swiper-carousel awb-carousel--carousel awb-swiper-dots-position-bottom\" data-layout=\"carousel\" data-autoplay=\"yes\" data-autoplayspeed=\"2500\" data-autoplaypause=\"no\" data-columns=\"6\" data-columnsmedium=\"1\" data-columnssmall=\"1\" data-itemmargin=\"13\" data-itemwidth=\"180\" data-touchscroll=\"no\" data-freemode=\"no\" data-imagesize=\"auto\" data-scrollitems=\"0\" data-centeredslides=\"no\" data-rotationangle=\"50\" data-depth=\"100\" data-speed=\"500\" data-shadow=\"no\" data-pagination=\"bullets\" style=\"--awb-columns:6;--awb-border-width:1px;--awb-border-color:#e9eaee;\"><div class=\"swiper-wrapper awb-image-carousel-wrapper fusion-flex-align-items-center\"><div class=\"swiper-slide\"><div class=\"fusion-carousel-item-wrapper\"><div class=\"fusion-image-wrapper hover-type-zoomin\"><img decoding=\"async\" width=\"720\" height=\"1280\" src=\"https:\/\/ursula.ikaria.ch\/wp-content\/uploads\/2021\/02\/IMG-20210223-WA0007.jpg\" class=\"attachment-full size-full\" alt=\"Come March, summer is not far away!\" srcset=\"https:\/\/ursula.ikaria.ch\/wp-content\/uploads\/2021\/02\/IMG-20210223-WA0007-200x356.jpg 200w, https:\/\/ursula.ikaria.ch\/wp-content\/uploads\/2021\/02\/IMG-20210223-WA0007-400x711.jpg 400w, https:\/\/ursula.ikaria.ch\/wp-content\/uploads\/2021\/02\/IMG-20210223-WA0007-600x1067.jpg 600w, https:\/\/ursula.ikaria.ch\/wp-content\/uploads\/2021\/02\/IMG-20210223-WA0007.jpg 720w\" sizes=\"(min-width: 2200px) 100vw, (min-width: 1099px) 189px, (min-width: 1007px) 227px, (min-width: 915px) 284px, (min-width: 824px) 378px, (min-width: 732px) 568px, (min-width: 640px) 732px, \" \/><\/div><\/div><\/div><div class=\"swiper-slide\"><div class=\"fusion-carousel-item-wrapper\"><div class=\"fusion-image-wrapper hover-type-zoomin\"><img decoding=\"async\" width=\"1280\" height=\"1280\" src=\"https:\/\/ursula.ikaria.ch\/wp-content\/uploads\/2021\/02\/IMG-20210223-WA0000.jpg\" class=\"attachment-full size-full\" alt=\"March ribbons\" srcset=\"https:\/\/ursula.ikaria.ch\/wp-content\/uploads\/2021\/02\/IMG-20210223-WA0000-200x200.jpg 200w, https:\/\/ursula.ikaria.ch\/wp-content\/uploads\/2021\/02\/IMG-20210223-WA0000-400x400.jpg 400w, https:\/\/ursula.ikaria.ch\/wp-content\/uploads\/2021\/02\/IMG-20210223-WA0000-600x600.jpg 600w, https:\/\/ursula.ikaria.ch\/wp-content\/uploads\/2021\/02\/IMG-20210223-WA0000-800x800.jpg 800w, https:\/\/ursula.ikaria.ch\/wp-content\/uploads\/2021\/02\/IMG-20210223-WA0000-1200x1200.jpg 1200w, https:\/\/ursula.ikaria.ch\/wp-content\/uploads\/2021\/02\/IMG-20210223-WA0000.jpg 1280w\" sizes=\"(min-width: 2200px) 100vw, (min-width: 1099px) 189px, (min-width: 1007px) 227px, (min-width: 915px) 284px, (min-width: 824px) 378px, (min-width: 732px) 568px, (min-width: 640px) 732px, \" \/><\/div><\/div><\/div><div class=\"swiper-slide\"><div class=\"fusion-carousel-item-wrapper\"><div class=\"fusion-image-wrapper hover-type-zoomin\"><img decoding=\"async\" width=\"960\" height=\"1280\" src=\"https:\/\/ursula.ikaria.ch\/wp-content\/uploads\/2021\/02\/IMG-20210223-WA0003.jpg\" class=\"attachment-full size-full\" alt=\"March ribbons\" srcset=\"https:\/\/ursula.ikaria.ch\/wp-content\/uploads\/2021\/02\/IMG-20210223-WA0003-200x267.jpg 200w, https:\/\/ursula.ikaria.ch\/wp-content\/uploads\/2021\/02\/IMG-20210223-WA0003-400x533.jpg 400w, https:\/\/ursula.ikaria.ch\/wp-content\/uploads\/2021\/02\/IMG-20210223-WA0003-600x800.jpg 600w, https:\/\/ursula.ikaria.ch\/wp-content\/uploads\/2021\/02\/IMG-20210223-WA0003-800x1067.jpg 800w, https:\/\/ursula.ikaria.ch\/wp-content\/uploads\/2021\/02\/IMG-20210223-WA0003.jpg 960w\" sizes=\"(min-width: 2200px) 100vw, (min-width: 1099px) 189px, (min-width: 1007px) 227px, (min-width: 915px) 284px, (min-width: 824px) 378px, (min-width: 732px) 568px, (min-width: 640px) 732px, \" \/><\/div><\/div><\/div><div class=\"swiper-slide\"><div class=\"fusion-carousel-item-wrapper\"><div class=\"fusion-image-wrapper hover-type-zoomin\"><img decoding=\"async\" width=\"1440\" height=\"2560\" src=\"https:\/\/ursula.ikaria.ch\/wp-content\/uploads\/2021\/02\/20210208_1429282-scaled.jpg\" class=\"attachment-full size-full\" alt=\"March ribbons\" srcset=\"https:\/\/ursula.ikaria.ch\/wp-content\/uploads\/2021\/02\/20210208_1429282-200x356.jpg 200w, https:\/\/ursula.ikaria.ch\/wp-content\/uploads\/2021\/02\/20210208_1429282-400x711.jpg 400w, https:\/\/ursula.ikaria.ch\/wp-content\/uploads\/2021\/02\/20210208_1429282-600x1067.jpg 600w, https:\/\/ursula.ikaria.ch\/wp-content\/uploads\/2021\/02\/20210208_1429282-800x1422.jpg 800w, https:\/\/ursula.ikaria.ch\/wp-content\/uploads\/2021\/02\/20210208_1429282-1200x2133.jpg 1200w, https:\/\/ursula.ikaria.ch\/wp-content\/uploads\/2021\/02\/20210208_1429282-scaled.jpg 1440w\" sizes=\"(min-width: 2200px) 100vw, (min-width: 1099px) 189px, (min-width: 1007px) 227px, (min-width: 915px) 284px, (min-width: 824px) 378px, (min-width: 732px) 568px, (min-width: 640px) 732px, \" \/><\/div><\/div><\/div><div class=\"swiper-slide\"><div class=\"fusion-carousel-item-wrapper\"><div class=\"fusion-image-wrapper hover-type-zoomin\"><img decoding=\"async\" width=\"1280\" height=\"1280\" src=\"https:\/\/ursula.ikaria.ch\/wp-content\/uploads\/2021\/02\/IMG-20210223-WA0008.jpg\" class=\"attachment-full size-full\" alt=\"March ribbons\" srcset=\"https:\/\/ursula.ikaria.ch\/wp-content\/uploads\/2021\/02\/IMG-20210223-WA0008-200x200.jpg 200w, https:\/\/ursula.ikaria.ch\/wp-content\/uploads\/2021\/02\/IMG-20210223-WA0008-400x400.jpg 400w, https:\/\/ursula.ikaria.ch\/wp-content\/uploads\/2021\/02\/IMG-20210223-WA0008-600x600.jpg 600w, https:\/\/ursula.ikaria.ch\/wp-content\/uploads\/2021\/02\/IMG-20210223-WA0008-800x800.jpg 800w, https:\/\/ursula.ikaria.ch\/wp-content\/uploads\/2021\/02\/IMG-20210223-WA0008-1200x1200.jpg 1200w, https:\/\/ursula.ikaria.ch\/wp-content\/uploads\/2021\/02\/IMG-20210223-WA0008.jpg 1280w\" sizes=\"(min-width: 2200px) 100vw, (min-width: 1099px) 189px, (min-width: 1007px) 227px, (min-width: 915px) 284px, (min-width: 824px) 378px, (min-width: 732px) 568px, (min-width: 640px) 732px, \" \/><\/div><\/div><\/div><div class=\"swiper-slide\"><div class=\"fusion-carousel-item-wrapper\"><div class=\"fusion-image-wrapper hover-type-zoomin\"><img decoding=\"async\" width=\"1280\" height=\"1280\" src=\"https:\/\/ursula.ikaria.ch\/wp-content\/uploads\/2021\/02\/IMG-20210223-WA0001.jpg\" class=\"attachment-full size-full\" alt=\"March ribbons\" srcset=\"https:\/\/ursula.ikaria.ch\/wp-content\/uploads\/2021\/02\/IMG-20210223-WA0001-200x200.jpg 200w, https:\/\/ursula.ikaria.ch\/wp-content\/uploads\/2021\/02\/IMG-20210223-WA0001-400x400.jpg 400w, https:\/\/ursula.ikaria.ch\/wp-content\/uploads\/2021\/02\/IMG-20210223-WA0001-600x600.jpg 600w, https:\/\/ursula.ikaria.ch\/wp-content\/uploads\/2021\/02\/IMG-20210223-WA0001-800x800.jpg 800w, https:\/\/ursula.ikaria.ch\/wp-content\/uploads\/2021\/02\/IMG-20210223-WA0001-1200x1200.jpg 1200w, https:\/\/ursula.ikaria.ch\/wp-content\/uploads\/2021\/02\/IMG-20210223-WA0001.jpg 1280w\" sizes=\"(min-width: 2200px) 100vw, (min-width: 1099px) 189px, (min-width: 1007px) 227px, (min-width: 915px) 284px, (min-width: 824px) 378px, (min-width: 732px) 568px, (min-width: 640px) 732px, \" \/><\/div><\/div><\/div><div class=\"swiper-slide\"><div class=\"fusion-carousel-item-wrapper\"><div class=\"fusion-image-wrapper hover-type-zoomin\"><img decoding=\"async\" width=\"1440\" height=\"2560\" src=\"https:\/\/ursula.ikaria.ch\/wp-content\/uploads\/2021\/02\/20210208_130021-scaled.jpg\" class=\"attachment-full size-full\" alt=\"M\u00e4rzb\u00e4nder\" srcset=\"https:\/\/ursula.ikaria.ch\/wp-content\/uploads\/2021\/02\/20210208_130021-200x356.jpg 200w, https:\/\/ursula.ikaria.ch\/wp-content\/uploads\/2021\/02\/20210208_130021-400x711.jpg 400w, https:\/\/ursula.ikaria.ch\/wp-content\/uploads\/2021\/02\/20210208_130021-600x1067.jpg 600w, https:\/\/ursula.ikaria.ch\/wp-content\/uploads\/2021\/02\/20210208_130021-800x1422.jpg 800w, https:\/\/ursula.ikaria.ch\/wp-content\/uploads\/2021\/02\/20210208_130021-1200x2133.jpg 1200w, https:\/\/ursula.ikaria.ch\/wp-content\/uploads\/2021\/02\/20210208_130021-scaled.jpg 1440w\" sizes=\"(min-width: 2200px) 100vw, (min-width: 1099px) 189px, (min-width: 1007px) 227px, (min-width: 915px) 284px, (min-width: 824px) 378px, (min-width: 732px) 568px, (min-width: 640px) 732px, \" \/><\/div><\/div><\/div><div class=\"swiper-slide\"><div class=\"fusion-carousel-item-wrapper\"><div class=\"fusion-image-wrapper hover-type-zoomin\"><img decoding=\"async\" width=\"1280\" height=\"1280\" src=\"https:\/\/ursula.ikaria.ch\/wp-content\/uploads\/2021\/02\/IMG-20210223-WA0005.jpg\" class=\"attachment-full size-full\" alt=\"\" srcset=\"https:\/\/ursula.ikaria.ch\/wp-content\/uploads\/2021\/02\/IMG-20210223-WA0005-200x200.jpg 200w, https:\/\/ursula.ikaria.ch\/wp-content\/uploads\/2021\/02\/IMG-20210223-WA0005-400x400.jpg 400w, https:\/\/ursula.ikaria.ch\/wp-content\/uploads\/2021\/02\/IMG-20210223-WA0005-600x600.jpg 600w, https:\/\/ursula.ikaria.ch\/wp-content\/uploads\/2021\/02\/IMG-20210223-WA0005-800x800.jpg 800w, https:\/\/ursula.ikaria.ch\/wp-content\/uploads\/2021\/02\/IMG-20210223-WA0005-1200x1200.jpg 1200w, https:\/\/ursula.ikaria.ch\/wp-content\/uploads\/2021\/02\/IMG-20210223-WA0005.jpg 1280w\" sizes=\"(min-width: 2200px) 100vw, (min-width: 1099px) 189px, (min-width: 1007px) 227px, (min-width: 915px) 284px, (min-width: 824px) 378px, (min-width: 732px) 568px, (min-width: 640px) 732px, \" \/><\/div><\/div><\/div><div class=\"swiper-slide\"><div class=\"fusion-carousel-item-wrapper\"><div class=\"fusion-image-wrapper hover-type-zoomin\"><img decoding=\"async\" width=\"960\" height=\"1280\" src=\"https:\/\/ursula.ikaria.ch\/wp-content\/uploads\/2019\/03\/IMG-20210223-WA0002.jpg\" class=\"attachment-full size-full\" alt=\"M\u00e4rzb\u00e4nder by PU\" srcset=\"https:\/\/ursula.ikaria.ch\/wp-content\/uploads\/2019\/03\/IMG-20210223-WA0002-200x267.jpg 200w, https:\/\/ursula.ikaria.ch\/wp-content\/uploads\/2019\/03\/IMG-20210223-WA0002-400x533.jpg 400w, https:\/\/ursula.ikaria.ch\/wp-content\/uploads\/2019\/03\/IMG-20210223-WA0002-600x800.jpg 600w, https:\/\/ursula.ikaria.ch\/wp-content\/uploads\/2019\/03\/IMG-20210223-WA0002-800x1067.jpg 800w, https:\/\/ursula.ikaria.ch\/wp-content\/uploads\/2019\/03\/IMG-20210223-WA0002.jpg 960w\" sizes=\"(min-width: 2200px) 100vw, (min-width: 1099px) 189px, (min-width: 1007px) 227px, (min-width: 915px) 284px, (min-width: 824px) 378px, (min-width: 732px) 568px, (min-width: 640px) 732px, \" \/><\/div><\/div><\/div><div class=\"swiper-slide\"><div class=\"fusion-carousel-item-wrapper\"><div class=\"fusion-image-wrapper hover-type-zoomin\"><img decoding=\"async\" width=\"1440\" height=\"2560\" src=\"https:\/\/ursula.ikaria.ch\/wp-content\/uploads\/2021\/02\/20210208_140341-scaled.jpg\" class=\"attachment-full size-full\" alt=\"M\u00e4rzb\u00e4nder\" srcset=\"https:\/\/ursula.ikaria.ch\/wp-content\/uploads\/2021\/02\/20210208_140341-200x356.jpg 200w, https:\/\/ursula.ikaria.ch\/wp-content\/uploads\/2021\/02\/20210208_140341-400x711.jpg 400w, https:\/\/ursula.ikaria.ch\/wp-content\/uploads\/2021\/02\/20210208_140341-600x1067.jpg 600w, https:\/\/ursula.ikaria.ch\/wp-content\/uploads\/2021\/02\/20210208_140341-800x1422.jpg 800w, https:\/\/ursula.ikaria.ch\/wp-content\/uploads\/2021\/02\/20210208_140341-1200x2133.jpg 1200w, https:\/\/ursula.ikaria.ch\/wp-content\/uploads\/2021\/02\/20210208_140341-scaled.jpg 1440w\" sizes=\"(min-width: 2200px) 100vw, (min-width: 1099px) 189px, (min-width: 1007px) 227px, (min-width: 915px) 284px, (min-width: 824px) 378px, (min-width: 732px) 568px, (min-width: 640px) 732px, \" \/><\/div><\/div><\/div><\/div><div class=\"awb-swiper-button awb-swiper-button-prev\"><i class=\"awb-icon-angle-left\" aria-hidden=\"true\"><\/i><\/div><div class=\"awb-swiper-button awb-swiper-button-next\"><i class=\"awb-icon-angle-right\" aria-hidden=\"true\"><\/i><\/div><\/div><\/div>\n<div class=\"fusion-title title fusion-title-1 fusion-title-text fusion-title-size-one\" style=\"--awb-margin-top-small:0px;--awb-margin-right-small:0px;--awb-margin-bottom-small:20px;--awb-margin-left-small:0px;\"><h1 class=\"fusion-title-heading title-heading-left\" style=\"margin:0;\"><h1 class=\"title-heading-left fusion-responsive-typography-calculated\" data-fontsize=\"34\" data-lineheight=\"47.9333px\">Red white bracelets and spells<\/h1><\/h1><span class=\"awb-title-spacer\"><\/span><div class=\"title-sep-container\"><div class=\"title-sep sep-double sep-solid\" style=\"border-color:#e0dede;\"><\/div><\/div><\/div><div class=\"fusion-text fusion-text-2\"><p>Red white bracelets and magic spells Come March, summer won&#8217;t be far away! &#8220;Martakia&#8221; is the name of the red and white March ribbons, lucky charms at the beginning of spring, named after the month of March &#8211; Martis &#8211; \u039c\u03ac\u03c1\u03c4\u03b7\u03c2. Of course I wear one too. You never know. They are twisted from red and white yarn on the first of March, given as gifts and tied around the wrist. Red like red cheeks for good health and white like snow-white hair for a long life &#8211; a long life is supposed to be guaranteed to us in Ikaria because of the Blue Zone in which we live. After all, I didn&#8217;t move here for nothing. The March ribbons <a href=\"https:\/\/ursula.ikaria.ch\/en\/bracelets-and-spells\/\">[more on this&#8230;]<\/a><\/p>\n<\/div><div class=\"fusion-sep-clear\"><\/div><div class=\"fusion-separator fusion-full-width-sep\" style=\"margin-left: auto;margin-right: auto;margin-bottom:40px;width:100%;\"><\/div><div class=\"fusion-sep-clear\"><\/div><div class=\"fusion-text fusion-text-3\"><p>You can find the handmade March ribbons <a href=\"https:\/\/ursula.ikaria.ch\/en\/our-shop-%cf%80u-pantelis-and-ursula-kastanias\/\">in our shop in Raches.<\/a><\/p>\n<p>But we also ship them all over the world&#8230;<\/p>\n<p>Write us!\n<div class=\"wpcf7 no-js\" id=\"wpcf7-f18450-o1\" lang=\"de-DE\" dir=\"ltr\" data-wpcf7-id=\"18450\">\n<div class=\"screen-reader-response\"><p role=\"status\" aria-live=\"polite\" aria-atomic=\"true\"><\/p> <ul><\/ul><\/div>\n<form action=\"\/en\/wp-json\/wp\/v2\/pages\/21198#wpcf7-f18450-o1\" method=\"post\" class=\"wpcf7-form init\" aria-label=\"Kontaktformular\" novalidate=\"novalidate\" data-status=\"init\">\n<fieldset class=\"hidden-fields-container\"><input type=\"hidden\" name=\"_wpcf7\" value=\"18450\" \/><input type=\"hidden\" name=\"_wpcf7_version\" value=\"6.1.5\" \/><input type=\"hidden\" name=\"_wpcf7_locale\" value=\"de_DE\" \/><input type=\"hidden\" name=\"_wpcf7_unit_tag\" value=\"wpcf7-f18450-o1\" \/><input type=\"hidden\" name=\"_wpcf7_container_post\" value=\"0\" \/><input type=\"hidden\" name=\"_wpcf7_posted_data_hash\" value=\"\" \/><input type=\"hidden\" name=\"_wpcf7_recaptcha_response\" value=\"\" \/>\n<\/fieldset>\n<p>Dein Name (Pflichtfeld)\n<\/p>\n<p><span class=\"wpcf7-form-control-wrap\" data-name=\"your-name\"><input size=\"40\" maxlength=\"400\" class=\"wpcf7-form-control wpcf7-text wpcf7-validates-as-required\" aria-required=\"true\" aria-invalid=\"false\" value=\"\" type=\"text\" name=\"your-name\" \/><\/span>\n<\/p>\n<p>Deine E-Mail-Adresse (Pflichtfeld)\n<\/p>\n<p><span class=\"wpcf7-form-control-wrap\" data-name=\"your-email\"><input size=\"40\" maxlength=\"400\" class=\"wpcf7-form-control wpcf7-email wpcf7-validates-as-required wpcf7-text wpcf7-validates-as-email\" aria-required=\"true\" aria-invalid=\"false\" value=\"\" type=\"email\" name=\"your-email\" \/><\/span>\n<\/p>\n<p>Betreff\n<\/p>\n<p><span class=\"wpcf7-form-control-wrap\" data-name=\"your-subject\"><input size=\"40\" maxlength=\"400\" class=\"wpcf7-form-control wpcf7-text\" aria-invalid=\"false\" value=\"\" type=\"text\" name=\"your-subject\" \/><\/span>\n<\/p>\n<p>Deine Nachricht an Ursula\n<\/p>\n<p><span class=\"wpcf7-form-control-wrap\" data-name=\"your-message\"><textarea cols=\"40\" rows=\"10\" maxlength=\"2000\" class=\"wpcf7-form-control wpcf7-textarea\" aria-invalid=\"false\" name=\"your-message\"><\/textarea><\/span>\n<\/p>\n<p><span class=\"wpcf7-form-control-wrap\" data-name=\"newsletter\"><span class=\"wpcf7-form-control wpcf7-checkbox\"><span class=\"wpcf7-list-item first last\"><input type=\"checkbox\" name=\"newsletter[]\" value=\"Ich m\u00f6chte den Newsletter abonnieren!\" checked=\"checked\" \/><span class=\"wpcf7-list-item-label\">Ich m\u00f6chte den Newsletter abonnieren!<\/span><\/span><\/span><\/span>\n<\/p>\n\n<p><input class=\"wpcf7-form-control wpcf7-submit has-spinner\" type=\"submit\" value=\"Senden\" \/>\n<\/p><div class=\"fusion-alert alert custom alert-custom fusion-alert-center wpcf7-response-output fusion-alert-capitalize awb-alert-native-link-color alert-dismissable awb-alert-close-boxed\" style=\"--awb-border-top-left-radius:0px;--awb-border-top-right-radius:0px;--awb-border-bottom-left-radius:0px;--awb-border-bottom-right-radius:0px;\" role=\"alert\"><div class=\"fusion-alert-content-wrapper\"><span class=\"fusion-alert-content\"><\/span><\/div><button type=\"button\" class=\"close toggle-alert\" data-dismiss=\"alert\" aria-label=\"Close\">&times;<\/button><\/div>\n<\/form>\n<\/div>\n<\/p>\n<\/div><div class=\"fusion-clearfix\"><\/div><\/div><\/div><\/div><\/div><div class=\"fusion-fullwidth fullwidth-box fusion-builder-row-3 nonhundred-percent-fullwidth non-hundred-percent-height-scrolling\" style=\"--awb-border-radius-top-left:0px;--awb-border-radius-top-right:0px;--awb-border-radius-bottom-right:0px;--awb-border-radius-bottom-left:0px;--awb-flex-wrap:wrap;\" ><div class=\"fusion-builder-row fusion-row\"><div class=\"fusion-layout-column fusion_builder_column fusion-builder-column-3 fusion_builder_column_1_1 1_1 fusion-one-full fusion-column-first fusion-column-last\" style=\"--awb-bg-size:cover;\"><div class=\"fusion-column-wrapper fusion-column-has-shadow fusion-flex-column-wrapper-legacy\"><div class=\"fusion-clearfix\"><\/div><\/div><\/div><div class=\"fusion-layout-column fusion_builder_column fusion-builder-column-4 fusion_builder_column_1_1 1_1 fusion-one-full fusion-column-first fusion-column-last fusion-column-no-min-height\" style=\"--awb-bg-size:cover;--awb-margin-bottom:0px;\"><div class=\"fusion-column-wrapper fusion-flex-column-wrapper-legacy\"><div class=\"fusion-title title fusion-title-2 fusion-title-text fusion-title-size-one\" style=\"--awb-margin-top-small:0px;--awb-margin-right-small:0px;--awb-margin-bottom-small:20px;--awb-margin-left-small:0px;\"><h1 class=\"fusion-title-heading title-heading-left\" style=\"margin:0;\">Diese Geschenke machen Ikariafans gl\u00fccklich!<\/h1><span class=\"awb-title-spacer\"><\/span><div class=\"title-sep-container\"><div class=\"title-sep sep-double sep-solid\" style=\"border-color:#e0dede;\"><\/div><\/div><\/div><div class=\"fusion-image-element in-legacy-container\" style=\"--awb-caption-title-font-family:var(--h2_typography-font-family);--awb-caption-title-font-weight:var(--h2_typography-font-weight);--awb-caption-title-font-style:var(--h2_typography-font-style);--awb-caption-title-size:var(--h2_typography-font-size);--awb-caption-title-transform:var(--h2_typography-text-transform);--awb-caption-title-line-height:var(--h2_typography-line-height);--awb-caption-title-letter-spacing:var(--h2_typography-letter-spacing);\"><span class=\" fusion-imageframe imageframe-none imageframe-2 hover-type-none\"><a class=\"fusion-no-lightbox\" href=\"https:\/\/ursula.ikaria.ch\/geschenke-fur-griechenlandfans\/\" target=\"_blank\" aria-label=\"Geschenke f\u00fcr Griechenlandfans\" rel=\"noopener noreferrer\"><img decoding=\"async\" width=\"1200\" height=\"500\" alt=\"Geschenke-f\u00fcr-Griechenlandfans\" src=\"https:\/\/ursula.ikaria.ch\/wp-content\/uploads\/2020\/01\/Geschenke-f\u00fcr-Griechenlandfans-e1580914980906.jpg\" class=\"img-responsive wp-image-18259\"\/><\/a><\/span><\/div><div class=\"fusion-sep-clear\"><\/div><div class=\"fusion-separator fusion-full-width-sep\" style=\"margin-left: auto;margin-right: auto;margin-top:20px;margin-bottom:20px;width:100%;\"><\/div><div class=\"fusion-sep-clear\"><\/div><div class=\"fusion-text fusion-text-4\"><p>Falls du auf der Suche nach einer Geschenkidee f\u00fcr einen Griechenlandfan bist, bist du mit einem Klick auf meiner ultimative Geschenk-Liste. Super f\u00fcr Geburtstage, Weihnachten, Jahrestag, Jubil\u00e4um, zum Einzug, f\u00fcr ein griechisches Fest oder einfach so. F\u00fcr jeden Gousto und Anlass ist etwas dabei. <a href=\"https:\/\/ursula.ikaria.ch\/geschenke-fur-griechenlandfans\/\">Lass dich inspirieren!<\/a><\/p>\n<\/div><div class=\"fusion-sep-clear\"><\/div><div class=\"fusion-separator fusion-full-width-sep\" style=\"margin-left: auto;margin-right: auto;margin-top:20px;margin-bottom:20px;width:100%;\"><\/div><div class=\"fusion-sep-clear\"><\/div><div class=\"fusion-clearfix\"><\/div><\/div><\/div>\n<\/div><\/div><\/p>\n","protected":false},"excerpt":{"rendered":"","protected":false},"author":12,"featured_media":21165,"parent":0,"menu_order":0,"comment_status":"closed","ping_status":"closed","template":"","meta":{"footnotes":""},"class_list":["post-21198","page","type-page","status-publish","has-post-thumbnail","hentry"],"_links":{"self":[{"href":"https:\/\/ursula.ikaria.ch\/en\/wp-json\/wp\/v2\/pages\/21198","targetHints":{"allow":["GET"]}}],"collection":[{"href":"https:\/\/ursula.ikaria.ch\/en\/wp-json\/wp\/v2\/pages"}],"about":[{"href":"https:\/\/ursula.ikaria.ch\/en\/wp-json\/wp\/v2\/types\/page"}],"author":[{"embeddable":true,"href":"https:\/\/ursula.ikaria.ch\/en\/wp-json\/wp\/v2\/users\/12"}],"replies":[{"embeddable":true,"href":"https:\/\/ursula.ikaria.ch\/en\/wp-json\/wp\/v2\/comments?post=21198"}],"version-history":[{"count":0,"href":"https:\/\/ursula.ikaria.ch\/en\/wp-json\/wp\/v2\/pages\/21198\/revisions"}],"wp:featuredmedia":[{"embeddable":true,"href":"https:\/\/ursula.ikaria.ch\/en\/wp-json\/wp\/v2\/media\/21165"}],"wp:attachment":[{"href":"https:\/\/ursula.ikaria.ch\/en\/wp-json\/wp\/v2\/media?parent=21198"}],"curies":[{"name":"wp","href":"https:\/\/api.w.org\/{rel}","templated":true}]}}